{"id":15583,"date":"2024-04-22T04:42:58","date_gmt":"2024-04-22T04:42:58","guid":{"rendered":"https:\/\/aimdoll.com\/?page_id=15583"},"modified":"2024-04-29T04:35:33","modified_gmt":"2024-04-29T04:35:33","slug":"sex-doll-videos","status":"publish","type":"page","link":"https:\/\/nodedoll.com\/hu\/szex-baba-videok\/","title":{"rendered":"Szexbaba vide\u00f3k"},"content":{"rendered":"<div data-elementor-type=\"wp-page\" data-elementor-id=\"15583\" class=\"elementor elementor-15583\" data-elementor-post-type=\"page\">\n\t\t\t\t<div class=\"wd-negative-gap elementor-element elementor-element-3c06bcb e-flex e-con-boxed e-con e-parent\" data-id=\"3c06bcb\" data-element_type=\"container\">\n\t\t\t\t\t<div class=\"e-con-inner\">\n\t\t\t\t<div class=\"elementor-element elementor-element-8f7279e elementor-widget elementor-widget-heading\" data-id=\"8f7279e\" data-element_type=\"widget\" data-widget_type=\"heading.default\">\n\t\t\t\t<div class=\"elementor-widget-container\">\n\t\t\t<style>\/*! elementor - v3.21.0 - 15-04-2024 *\/\n.elementor-heading-title{padding:0;margin:0;line-height:1}.elementor-widget-heading .elementor-heading-title[class*=elementor-size-]>a{color:inherit;font-size:inherit;line-height:inherit}.elementor-widget-heading .elementor-heading-title.elementor-size-small{font-size:15px}.elementor-widget-heading .elementor-heading-title.elementor-size-medium{font-size:19px}.elementor-widget-heading .elementor-heading-title.elementor-size-large{font-size:29px}.elementor-widget-heading .elementor-heading-title.elementor-size-xl{font-size:39px}.elementor-widget-heading .elementor-heading-title.elementor-size-xxl{font-size:59px}<\/style><h2 class=\"elementor-heading-title elementor-size-default\">VIDE\u00d3K A SZEXBAB\u00c1KB\u00d3L<\/h2>\t\t<\/div>\n\t\t\t\t<\/div>\n\t\t\t\t<div class=\"elementor-element elementor-element-6aaa5a7 elementor-widget-divider--view-line elementor-widget elementor-widget-divider\" data-id=\"6aaa5a7\" data-element_type=\"widget\" data-widget_type=\"divider.default\">\n\t\t\t\t<div class=\"elementor-widget-container\">\n\t\t\t<style>\/*! elementor - v3.21.0 - 15-04-2024 *\/\n.elementor-widget-divider{--divider-border-style:none;--divider-border-width:1px;--divider-color:#0c0d0e;--divider-icon-size:20px;--divider-element-spacing:10px;--divider-pattern-height:24px;--divider-pattern-size:20px;--divider-pattern-url:none;--divider-pattern-repeat:repeat-x}.elementor-widget-divider .elementor-divider{display:flex}.elementor-widget-divider .elementor-divider__text{font-size:15px;line-height:1;max-width:95%}.elementor-widget-divider .elementor-divider__element{margin:0 var(--divider-element-spacing);flex-shrink:0}.elementor-widget-divider .elementor-icon{font-size:var(--divider-icon-size)}.elementor-widget-divider .elementor-divider-separator{display:flex;margin:0;direction:ltr}.elementor-widget-divider--view-line_icon .elementor-divider-separator,.elementor-widget-divider--view-line_text .elementor-divider-separator{align-items:center}.elementor-widget-divider--view-line_icon .elementor-divider-separator:after,.elementor-widget-divider--view-line_icon .elementor-divider-separator:before,.elementor-widget-divider--view-line_text .elementor-divider-separator:after,.elementor-widget-divider--view-line_text .elementor-divider-separator:before{display:block;content:\"\";border-block-end:0;flex-grow:1;border-block-start:var(--divider-border-width) var(--divider-border-style) var(--divider-color)}.elementor-widget-divider--element-align-left .elementor-divider .elementor-divider-separator>.elementor-divider__svg:first-of-type{flex-grow:0;flex-shrink:100}.elementor-widget-divider--element-align-left .elementor-divider-separator:before{content:none}.elementor-widget-divider--element-align-left .elementor-divider__element{margin-left:0}.elementor-widget-divider--element-align-right .elementor-divider .elementor-divider-separator>.elementor-divider__svg:last-of-type{flex-grow:0;flex-shrink:100}.elementor-widget-divider--element-align-right .elementor-divider-separator:after{content:none}.elementor-widget-divider--element-align-right .elementor-divider__element{margin-right:0}.elementor-widget-divider--element-align-start .elementor-divider .elementor-divider-separator>.elementor-divider__svg:first-of-type{flex-grow:0;flex-shrink:100}.elementor-widget-divider--element-align-start .elementor-divider-separator:before{content:none}.elementor-widget-divider--element-align-start .elementor-divider__element{margin-inline-start:0}.elementor-widget-divider--element-align-end .elementor-divider .elementor-divider-separator>.elementor-divider__svg:last-of-type{flex-grow:0;flex-shrink:100}.elementor-widget-divider--element-align-end .elementor-divider-separator:after{content:none}.elementor-widget-divider--element-align-end .elementor-divider__element{margin-inline-end:0}.elementor-widget-divider:not(.elementor-widget-divider--view-line_text):not(.elementor-widget-divider--view-line_icon) .elementor-divider-separator{border-block-start:var(--divider-border-width) var(--divider-border-style) var(--divider-color)}.elementor-widget-divider--separator-type-pattern{--divider-border-style:none}.elementor-widget-divider--separator-type-pattern.elementor-widget-divider--view-line .elementor-divider-separator,.elementor-widget-divider--separator-type-pattern:not(.elementor-widget-divider--view-line) .elementor-divider-separator:after,.elementor-widget-divider--separator-type-pattern:not(.elementor-widget-divider--view-line) .elementor-divider-separator:before,.elementor-widget-divider--separator-type-pattern:not([class*=elementor-widget-divider--view]) .elementor-divider-separator{width:100%;min-height:var(--divider-pattern-height);-webkit-mask-size:var(--divider-pattern-size) 100%;mask-size:var(--divider-pattern-size) 100%;-webkit-mask-repeat:var(--divider-pattern-repeat);mask-repeat:var(--divider-pattern-repeat);background-color:var(--divider-color);-webkit-mask-image:var(--divider-pattern-url);mask-image:var(--divider-pattern-url)}.elementor-widget-divider--no-spacing{--divider-pattern-size:auto}.elementor-widget-divider--bg-round{--divider-pattern-repeat:round}.rtl .elementor-widget-divider .elementor-divider__text{direction:rtl}.e-con-inner>.elementor-widget-divider,.e-con>.elementor-widget-divider{width:var(--container-widget-width,100%);--flex-grow:var(--container-widget-flex-grow)}<\/style>\t\t<div class=\"elementor-divider\">\n\t\t\t<span class=\"elementor-divider-separator\">\n\t\t\t\t\t\t<\/span>\n\t\t<\/div>\n\t\t\t\t<\/div>\n\t\t\t\t<\/div>\n\t\t\t\t<div class=\"elementor-element elementor-element-4c46e41e color-scheme-inherit text-left elementor-widget elementor-widget-text-editor\" data-id=\"4c46e41e\" data-element_type=\"widget\" data-widget_type=\"text-editor.default\">\n\t\t\t\t<div class=\"elementor-widget-container\">\n\t\t\t<style>\/*! elementor - v3.21.0 - 15-04-2024 *\/\n.elementor-widget-text-editor.elementor-drop-cap-view-stacked .elementor-drop-cap{background-color:#69727d;color:#fff}.elementor-widget-text-editor.elementor-drop-cap-view-framed .elementor-drop-cap{color:#69727d;border:3px solid;background-color:transparent}.elementor-widget-text-editor:not(.elementor-drop-cap-view-default) .elementor-drop-cap{margin-top:8px}.elementor-widget-text-editor:not(.elementor-drop-cap-view-default) .elementor-drop-cap-letter{width:1em;height:1em}.elementor-widget-text-editor .elementor-drop-cap{float:left;text-align:center;line-height:1;font-size:50px}.elementor-widget-text-editor .elementor-drop-cap-letter{display:inline-block}<\/style>\t\t\t\tNeh\u00e9zs\u00e9gei vannak a megv\u00e1s\u00e1rolni k\u00edv\u00e1nt szexbaba kiv\u00e1laszt\u00e1s\u00e1val? Tekintse meg mindegyik val\u00f3s\u00e1gh\u0171 h\u00fcvelyt \u00e9s arcot testk\u00f6zelb\u0151l az al\u00e1bbi f\u00e9rfi szexbab\u00e1k gy\u0171jtem\u00e9ny\u00e9ben tal\u00e1lhat\u00f3 vide\u00f3kban, hogy eld\u00f6nthesse, melyik felel meg a legjobban szexu\u00e1lis ig\u00e9nyeinek. Ha k\u00e9rd\u00e9se van ezekkel a filmekkel kapcsolatban, vagy \u00fagy \u00e9rzi, hogy tov\u00e1bbi inform\u00e1ci\u00f3ra van sz\u00fcks\u00e9ge, forduljon hozz\u00e1nk bizalommal e-mailben, \u00e9s mi mindent megtesz\u00fcnk, hogy legk\u00e9s\u0151bb 48 \u00f3r\u00e1n bel\u00fcl v\u00e1laszoljunk!\t\t\t\t\t\t<\/div>\n\t\t\t\t<\/div>\n\t\t\t\t<div class=\"elementor-element elementor-element-cf4239d elementor-widget elementor-widget-heading\" data-id=\"cf4239d\" data-element_type=\"widget\" data-widget_type=\"heading.default\">\n\t\t\t\t<div class=\"elementor-widget-container\">\n\t\t\t<h2 class=\"elementor-heading-title elementor-size-default\">Vide\u00f3 egy szexbab\u00e1r\u00f3l a munkahely\u00e9n<\/h2>\t\t<\/div>\n\t\t\t\t<\/div>\n\t\t\t\t<div class=\"elementor-element elementor-element-6342e68 elementor-widget-divider--view-line elementor-widget elementor-widget-divider\" data-id=\"6342e68\" data-element_type=\"widget\" data-widget_type=\"divider.default\">\n\t\t\t\t<div class=\"elementor-widget-container\">\n\t\t\t\t\t<div class=\"elementor-divider\">\n\t\t\t<span class=\"elementor-divider-separator\">\n\t\t\t\t\t\t<\/span>\n\t\t<\/div>\n\t\t\t\t<\/div>\n\t\t\t\t<\/div>\n\t\t\t\t<div class=\"elementor-element elementor-element-1838a368 color-scheme-inherit text-left elementor-widget elementor-widget-text-editor\" data-id=\"1838a368\" data-element_type=\"widget\" data-widget_type=\"text-editor.default\">\n\t\t\t\t<div class=\"elementor-widget-container\">\n\t\t\t\t\t\t\tA szexbaba fej\u00e9t, test\u00e9t, mellkas\u00e1t, l\u00e1b\u00e1t \u00e9s fejb\u0151r\u00e9t 360 fokos r\u00e9szletgazdags\u00e1ggal \u00e9s l\u00e1gys\u00e1ggal tekintheti meg, ha egy szexbab\u00e1r\u00f3l k\u00e9sz\u00fclt vide\u00f3t mutatunk meg. Annak \u00e9rdek\u00e9ben, hogy tiszt\u00e1n l\u00e1ssa a baba mozg\u00e1si tartom\u00e1ny\u00e1t, \u00e9s saj\u00e1t preferenci\u00e1i szerint elk\u00e9sz\u00edthesse saj\u00e1t szerelmi bab\u00e1j\u00e1t, szakembereink megp\u00f3zz\u00e1k a kezeket \u00e9s a l\u00e1bakat. Ezek a val\u00f3s\u00e1gh\u0171 szexbaba filmek minden inform\u00e1ci\u00f3t megadnak.\t\t\t\t\t\t<\/div>\n\t\t\t\t<\/div>\n\t\t<div class=\"wd-negative-gap elementor-element elementor-element-2926d5bb e-flex e-con-boxed e-con e-child\" data-id=\"2926d5bb\" data-element_type=\"container\">\n\t\t\t\t\t<div class=\"e-con-inner\">\n\t\t\t\t<div class=\"elementor-element elementor-element-b145fbf elementor-widget elementor-widget-html\" data-id=\"b145fbf\" data-element_type=\"widget\" data-widget_type=\"html.default\">\n\t\t\t\t<div class=\"elementor-widget-container\">\n\t\t\t<div style='position:relative; padding-bottom:50%'><iframe src='https:\/\/www.redgifs.com\/ifr\/braveprofitabledungenesscrab' frameborder='0' scrolling='no' width='100%' height='100%' style='position:absolute; top:0; left:0;' allowfullscreen><\/iframe><\/div><p><a href='https:\/\/www.redgifs.com\/watch\/braveprofitabledungenesscrab'><\/a><\/p>\t\t<\/div>\n\t\t\t\t<\/div>\n\t\t\t\t\t<\/div>\n\t\t\t\t<\/div>\n\t\t\t\t<div class=\"elementor-element elementor-element-60c590c2 elementor-widget elementor-widget-spacer\" data-id=\"60c590c2\" data-element_type=\"widget\" data-widget_type=\"spacer.default\">\n\t\t\t\t<div class=\"elementor-widget-container\">\n\t\t\t<style>\/*! elementor - v3.21.0 - 15-04-2024 *\/\n.elementor-column .elementor-spacer-inner{height:var(--spacer-size)}.e-con{--container-widget-width:100%}.e-con-inner>.elementor-widget-spacer,.e-con>.elementor-widget-spacer{width:var(--container-widget-width,var(--spacer-size));--align-self:var(--container-widget-align-self,initial);--flex-shrink:0}.e-con-inner>.elementor-widget-spacer>.elementor-widget-container,.e-con>.elementor-widget-spacer>.elementor-widget-container{height:100%;width:100%}.e-con-inner>.elementor-widget-spacer>.elementor-widget-container>.elementor-spacer,.e-con>.elementor-widget-spacer>.elementor-widget-container>.elementor-spacer{height:100%}.e-con-inner>.elementor-widget-spacer>.elementor-widget-container>.elementor-spacer>.elementor-spacer-inner,.e-con>.elementor-widget-spacer>.elementor-widget-container>.elementor-spacer>.elementor-spacer-inner{height:var(--container-widget-height,var(--spacer-size))}.e-con-inner>.elementor-widget-spacer.elementor-widget-empty,.e-con>.elementor-widget-spacer.elementor-widget-empty{position:relative;min-height:22px;min-width:22px}.e-con-inner>.elementor-widget-spacer.elementor-widget-empty .elementor-widget-empty-icon,.e-con>.elementor-widget-spacer.elementor-widget-empty .elementor-widget-empty-icon{position:absolute;top:0;bottom:0;left:0;right:0;margin:auto;padding:0;width:22px;height:22px}<\/style>\t\t<div class=\"elementor-spacer\">\n\t\t\t<div class=\"elementor-spacer-inner\"><\/div>\n\t\t<\/div>\n\t\t\t\t<\/div>\n\t\t\t\t<\/div>\n\t\t\t\t<div class=\"elementor-element elementor-element-0a74ed9 elementor-widget elementor-widget-heading\" data-id=\"0a74ed9\" data-element_type=\"widget\" data-widget_type=\"heading.default\">\n\t\t\t\t<div class=\"elementor-widget-container\">\n\t\t\t<h2 class=\"elementor-heading-title elementor-size-default\">Egy szexbaba leg\u00e9leth\u0171bb vide\u00f3tesztje<\/h2>\t\t<\/div>\n\t\t\t\t<\/div>\n\t\t\t\t<div class=\"elementor-element elementor-element-b6a957e elementor-widget-divider--view-line elementor-widget elementor-widget-divider\" data-id=\"b6a957e\" data-element_type=\"widget\" data-widget_type=\"divider.default\">\n\t\t\t\t<div class=\"elementor-widget-container\">\n\t\t\t\t\t<div class=\"elementor-divider\">\n\t\t\t<span class=\"elementor-divider-separator\">\n\t\t\t\t\t\t<\/span>\n\t\t<\/div>\n\t\t\t\t<\/div>\n\t\t\t\t<\/div>\n\t\t\t\t<div class=\"elementor-element elementor-element-3363dc4e color-scheme-inherit text-left elementor-widget elementor-widget-text-editor\" data-id=\"3363dc4e\" data-element_type=\"widget\" data-widget_type=\"text-editor.default\">\n\t\t\t\t<div class=\"elementor-widget-container\">\n\t\t\t\t\t\t\tAz \u00e9letnagys\u00e1g\u00fa feln\u0151tt szexbab\u00e1k min\u0151s\u00e9g\u00e9t \u00e9s r\u00e9szleteit l\u00e1thatja ezeken a szexbab\u00e1k \u00f6sszes vide\u00f3j\u00e1n, mivel nem haszn\u00e1ltak sz\u0171r\u0151ket vagy mesters\u00e9ges f\u00e9nyeket a felv\u00e9tel jav\u00edt\u00e1s\u00e1ra.\t\t\t\t\t\t<\/div>\n\t\t\t\t<\/div>\n\t\t\t\t<div class=\"elementor-element elementor-element-47ea1283 color-scheme-inherit text-left elementor-widget elementor-widget-text-editor\" data-id=\"47ea1283\" data-element_type=\"widget\" data-widget_type=\"text-editor.default\">\n\t\t\t\t<div class=\"elementor-widget-container\">\n\t\t\t\t\t\t\tMinden bab\u00e1t sz\u00e1mos szak\u00e9rt\u0151 megvizsg\u00e1l, \u00e9s sz\u00e1mos min\u0151s\u00e9gi teszten megy kereszt\u00fcl, hogy meg\u0151rizze a maxim\u00e1lis pontoss\u00e1got \u00e9s garant\u00e1lja, hogy megfelel a szigor\u00fa k\u00f6vetelm\u00e9nyeknek. Annak ellen\u0151rz\u00e9s\u00e9re, hogy minden mozg\u00f3 alkatr\u00e9sz hib\u00e1tlanul m\u0171k\u00f6dik-e, \u00e9s hogy a b\u0151r mentes-e a hegekt\u0151l, reped\u00e9sekt\u0151l vagy t\u00f6k\u00e9letlens\u00e9gekt\u0151l, az elj\u00e1r\u00e1s kiterjedt helysz\u00edni tesztel\u00e9st ig\u00e9nyel.\t\t\t\t\t\t<\/div>\n\t\t\t\t<\/div>\n\t\t\t\t<div class=\"elementor-element elementor-element-46ecf763 color-scheme-inherit text-left elementor-widget elementor-widget-text-editor\" data-id=\"46ecf763\" data-element_type=\"widget\" data-widget_type=\"text-editor.default\">\n\t\t\t\t<div class=\"elementor-widget-container\">\n\t\t\t\t\t\t\tAz \u00f6sszehasonl\u00edt\u00f3 f\u00e9nyk\u00e9peket auditoraink folyamatosan, val\u00f3s id\u0151ben ellen\u0151rzik. Meg\u00edg\u00e9rj\u00fck, hogy az al\u00e1bbi szexfilmben l\u00e1that\u00f3 szerelmi baba lesz az, akit kap. A teszteken t\u00falmen\u0151en, hogy megmutassuk a b\u0151r puhas\u00e1g\u00e1t, \u00e9s hogy bemutassuk, hogyan kell megfelel\u0151en \u00e1polni szexbab\u00e1dat, minden vide\u00f3t \u00e1tl\u00e1that\u00f3an \u00e9s szerkesztetlen\u00fcl tartunk, hogy v\u00e1s\u00e1rl\u00f3ink l\u00e1ss\u00e1k, mit kapnak.\t\t\t\t\t\t<\/div>\n\t\t\t\t<\/div>\n\t\t\t\t<div class=\"elementor-element elementor-element-3c7571aa elementor-widget elementor-widget-html\" data-id=\"3c7571aa\" data-element_type=\"widget\" data-widget_type=\"html.default\">\n\t\t\t\t<div class=\"elementor-widget-container\">\n\t\t\t<div style='position:relative; padding-bottom:50.78%'><iframe src='https:\/\/www.redgifs.com\/ifr\/canineagileantipodesgreenparakeet' frameborder='0' scrolling='no' width='100%' height='100%' style='position:absolute; top:0; left:0;' allowfullscreen><\/iframe><\/div><p><a href='https:\/\/www.redgifs.com\/watch\/canineagileantipodesgreenparakeet'><\/a><\/p>\t\t<\/div>\n\t\t\t\t<\/div>\n\t\t\t\t<div class=\"elementor-element elementor-element-57cfa4df elementor-widget elementor-widget-spacer\" data-id=\"57cfa4df\" data-element_type=\"widget\" data-widget_type=\"spacer.default\">\n\t\t\t\t<div class=\"elementor-widget-container\">\n\t\t\t\t\t<div class=\"elementor-spacer\">\n\t\t\t<div class=\"elementor-spacer-inner\"><\/div>\n\t\t<\/div>\n\t\t\t\t<\/div>\n\t\t\t\t<\/div>\n\t\t\t\t<div class=\"elementor-element elementor-element-74e6aaf elementor-widget elementor-widget-heading\" data-id=\"74e6aaf\" data-element_type=\"widget\" data-widget_type=\"heading.default\">\n\t\t\t\t<div class=\"elementor-widget-container\">\n\t\t\t<h2 class=\"elementor-heading-title elementor-size-default\">Online Sex Dolls Vagina t\u00edpus\u00fa<\/h2>\t\t<\/div>\n\t\t\t\t<\/div>\n\t\t\t\t<div class=\"elementor-element elementor-element-2ff42ba elementor-widget-divider--view-line elementor-widget elementor-widget-divider\" data-id=\"2ff42ba\" data-element_type=\"widget\" data-widget_type=\"divider.default\">\n\t\t\t\t<div class=\"elementor-widget-container\">\n\t\t\t\t\t<div class=\"elementor-divider\">\n\t\t\t<span class=\"elementor-divider-separator\">\n\t\t\t\t\t\t<\/span>\n\t\t<\/div>\n\t\t\t\t<\/div>\n\t\t\t\t<\/div>\n\t\t\t\t<div class=\"elementor-element elementor-element-cefaac1 color-scheme-inherit text-left elementor-widget elementor-widget-text-editor\" data-id=\"cefaac1\" data-element_type=\"widget\" data-widget_type=\"text-editor.default\">\n\t\t\t\t<div class=\"elementor-widget-container\">\n\t\t\t\t\t\t\tVal\u00f3di szexbaba v\u00e1s\u00e1rl\u00e1sakor k\u00e9t f\u0151 t\u00edpus\u00fa h\u00fcvely \u00e1ll rendelkez\u00e9sre. Ebben a konkr\u00e9t p\u00e9ld\u00e1ban a r\u00f6gz\u00edtett h\u00fcvely \u00e9s a szexbab\u00e1k behelyez\u00e9se ellent\u00e9tes.\t\t\t\t\t\t<\/div>\n\t\t\t\t<\/div>\n\t\t\t\t<div class=\"elementor-element elementor-element-7b5b7f40 elementor-icon-list--layout-traditional elementor-list-item-link-full_width elementor-widget elementor-widget-icon-list\" data-id=\"7b5b7f40\" data-element_type=\"widget\" data-widget_type=\"icon-list.default\">\n\t\t\t\t<div class=\"elementor-widget-container\">\n\t\t\t<link rel=\"stylesheet\" href=\"https:\/\/nodedoll.com\/wp-content\/uploads\/elementor\/css\/custom-widget-icon-list.min.css?ver=1716116454\">\t\t<ul class=\"elementor-icon-list-items\">\n\t\t\t\t\t\t\t<li class=\"elementor-icon-list-item\">\n\t\t\t\t\t\t\t\t\t\t\t<span class=\"elementor-icon-list-icon\">\n\t\t\t\t\t\t\t<svg aria-hidden=\"true\" class=\"e-font-icon-svg e-fas-arrow-circle-right\" viewbox=\"0 0 512 512\" xmlns=\"http:\/\/www.w3.org\/2000\/svg\"><path d=\"M256 8c137 0 248 111 248 248S393 504 256 504 8 393 8 256 119 8 256 8zm-28.9 143.6l75.5 72.4H120c-13.3 0-24 10.7-24 24v16c0 13.3 10.7 24 24 24h182.6l-75.5 72.4c-9.7 9.3-9.9 24.8-.4 34.3l11 10.9c9.4 9.4 24.6 9.4 33.9 0L404.3 273c9.4-9.4 9.4-24.6 0-33.9L271.6 106.3c-9.4-9.4-24.6-9.4-33.9 0l-11 10.9c-9.5 9.6-9.3 25.1.4 34.4z\"><\/path><\/svg>\t\t\t\t\t\t<\/span>\n\t\t\t\t\t\t\t\t\t\t<span class=\"elementor-icon-list-text\">Amikor a baba l\u00e1bait kinyitj\u00e1k, a r\u00f6gz\u00edtett h\u00fcvely, amelyet \u201ebe\u00e9p\u00edtett h\u00fcvelynek\u201d is neveznek, vonz\u00f3bbnak t\u0171nik. A r\u00f6gz\u00edtett h\u00fcvely nem t\u00e1vol\u00edthat\u00f3 el \u00e9s nem moshat\u00f3 a mosogat\u00f3ban, \u00edgy tov\u00e1bbra is ugyanaz az \u00e9rz\u00e9s.<\/span>\n\t\t\t\t\t\t\t\t\t<\/li>\n\t\t\t\t\t\t\t\t<li class=\"elementor-icon-list-item\">\n\t\t\t\t\t\t\t\t\t\t\t<span class=\"elementor-icon-list-icon\">\n\t\t\t\t\t\t\t<svg aria-hidden=\"true\" class=\"e-font-icon-svg e-fas-arrow-circle-right\" viewbox=\"0 0 512 512\" xmlns=\"http:\/\/www.w3.org\/2000\/svg\"><path d=\"M256 8c137 0 248 111 248 248S393 504 256 504 8 393 8 256 119 8 256 8zm-28.9 143.6l75.5 72.4H120c-13.3 0-24 10.7-24 24v16c0 13.3 10.7 24 24 24h182.6l-75.5 72.4c-9.7 9.3-9.9 24.8-.4 34.3l11 10.9c9.4 9.4 24.6 9.4 33.9 0L404.3 273c9.4-9.4 9.4-24.6 0-33.9L271.6 106.3c-9.4-9.4-24.6-9.4-33.9 0l-11 10.9c-9.5 9.6-9.3 25.1.4 34.4z\"><\/path><\/svg>\t\t\t\t\t\t<\/span>\n\t\t\t\t\t\t\t\t\t\t<span class=\"elementor-icon-list-text\">Helyezze be a h\u00fcvelyt, ami azt jelenti, hogy egy hamis h\u00fcvelyt kell behelyezni a baba medenc\u00e9j\u00e9ben l\u00e9v\u0151 lyukba. A gyors tiszt\u00edt\u00e1s \u00e9rdek\u00e9ben haszn\u00e1lja ezt az opci\u00f3t. Ez azonban nem t\u0171nik t\u00fal val\u00f3s\u00e1gh\u0171nek, ha a l\u00e1bai sz\u00e9t vannak v\u00e1lasztva, \u00e9s a bet\u00e9t l\u00e1that\u00f3 benne.<\/span>\n\t\t\t\t\t\t\t\t\t<\/li>\n\t\t\t\t\t\t\t\t<li class=\"elementor-icon-list-item\">\n\t\t\t\t\t\t\t\t\t\t\t<span class=\"elementor-icon-list-icon\">\n\t\t\t\t\t\t\t<svg aria-hidden=\"true\" class=\"e-font-icon-svg e-fas-arrow-circle-right\" viewbox=\"0 0 512 512\" xmlns=\"http:\/\/www.w3.org\/2000\/svg\"><path d=\"M256 8c137 0 248 111 248 248S393 504 256 504 8 393 8 256 119 8 256 8zm-28.9 143.6l75.5 72.4H120c-13.3 0-24 10.7-24 24v16c0 13.3 10.7 24 24 24h182.6l-75.5 72.4c-9.7 9.3-9.9 24.8-.4 34.3l11 10.9c9.4 9.4 24.6 9.4 33.9 0L404.3 273c9.4-9.4 9.4-24.6 0-33.9L271.6 106.3c-9.4-9.4-24.6-9.4-33.9 0l-11 10.9c-9.5 9.6-9.3 25.1.4 34.4z\"><\/path><\/svg>\t\t\t\t\t\t<\/span>\n\t\t\t\t\t\t\t\t\t\t<span class=\"elementor-icon-list-text\">Ez a h\u00fcvelyi bet\u00e9t egy har\u00e1ntcs\u00edkolt \u00fcreg, amelyet a val\u00f3s\u00e1gh\u0171 teljes \u00e9rzet \u00e9rdek\u00e9ben hoztak l\u00e9tre. A kivehet\u0151 seg\u00edts\u00e9g\u00e9vel gyorsan behelyezhet\u0151 \u00e9s elt\u00e1vol\u00edthat\u00f3 a h\u00fcvelyb\u0151l. Ennek eredm\u00e9nyek\u00e9nt nem kell az eg\u00e9sz szexbab\u00e1t kezelnie, hogy haszn\u00e1lat ut\u00e1n megtiszt\u00edtsa a h\u00fcvelyt.<\/span>\n\t\t\t\t\t\t\t\t\t<\/li>\n\t\t\t\t\t\t<\/ul>\n\t\t\t\t<\/div>\n\t\t\t\t<\/div>\n\t\t\t\t<div class=\"elementor-element elementor-element-6c1445b0 elementor-widget elementor-widget-html\" data-id=\"6c1445b0\" data-element_type=\"widget\" data-widget_type=\"html.default\">\n\t\t\t\t<div class=\"elementor-widget-container\">\n\t\t\t<div style='position:relative; padding-bottom:50.48%'><iframe src='https:\/\/www.redgifs.com\/ifr\/impeccablemoccasinbonobo' frameborder='0' scrolling='no' width='100%' height='100%' style='position:absolute; top:0; left:0;' allowfullscreen><\/iframe><\/div><p><a href='https:\/\/www.redgifs.com\/watch\/impeccablemoccasinbonobo'><\/a><\/p>\t\t<\/div>\n\t\t\t\t<\/div>\n\t\t\t\t<div class=\"elementor-element elementor-element-ca9346f elementor-widget elementor-widget-spacer\" data-id=\"ca9346f\" data-element_type=\"widget\" data-widget_type=\"spacer.default\">\n\t\t\t\t<div class=\"elementor-widget-container\">\n\t\t\t\t\t<div class=\"elementor-spacer\">\n\t\t\t<div class=\"elementor-spacer-inner\"><\/div>\n\t\t<\/div>\n\t\t\t\t<\/div>\n\t\t\t\t<\/div>\n\t\t\t\t\t<\/div>\n\t\t\t\t<\/div>\n\t\t\t\t<\/div>","protected":false},"excerpt":{"rendered":"<p>VIDEOS OF SEX DOLLS\u200b Having difficulties choosing a sex doll to purchase? See each realistic vagina and face up close<\/p>","protected":false},"author":1,"featured_media":0,"parent":0,"menu_order":0,"comment_status":"closed","ping_status":"closed","template":"","meta":{"footnotes":""},"aioseo_notices":[],"_links":{"self":[{"href":"https:\/\/nodedoll.com\/hu\/wp-json\/wp\/v2\/pages\/15583"}],"collection":[{"href":"https:\/\/nodedoll.com\/hu\/wp-json\/wp\/v2\/pages"}],"about":[{"href":"https:\/\/nodedoll.com\/hu\/wp-json\/wp\/v2\/types\/page"}],"author":[{"embeddable":true,"href":"https:\/\/nodedoll.com\/hu\/wp-json\/wp\/v2\/users\/1"}],"replies":[{"embeddable":true,"href":"https:\/\/nodedoll.com\/hu\/wp-json\/wp\/v2\/comments?post=15583"}],"version-history":[{"count":23,"href":"https:\/\/nodedoll.com\/hu\/wp-json\/wp\/v2\/pages\/15583\/revisions"}],"predecessor-version":[{"id":21569,"href":"https:\/\/nodedoll.com\/hu\/wp-json\/wp\/v2\/pages\/15583\/revisions\/21569"}],"wp:attachment":[{"href":"https:\/\/nodedoll.com\/hu\/wp-json\/wp\/v2\/media?parent=15583"}],"curies":[{"name":"wp","href":"https:\/\/api.w.org\/{rel}","templated":true}]}}