{"id":15592,"date":"2024-04-19T12:46:24","date_gmt":"2024-04-19T12:46:24","guid":{"rendered":"https:\/\/aimdoll.com\/?page_id=15592"},"modified":"2024-04-24T12:42:10","modified_gmt":"2024-04-24T12:42:10","slug":"about-us","status":"publish","type":"page","link":"https:\/\/nodedoll.com\/hu\/rolunk\/","title":{"rendered":"R\u00f3lunk"},"content":{"rendered":"<div data-elementor-type=\"wp-page\" data-elementor-id=\"15592\" class=\"elementor elementor-15592\" data-elementor-post-type=\"page\">\n\t\t\t\t\t\t<section class=\"wd-negative-gap elementor-section elementor-top-section elementor-element elementor-element-63ccb5ca space-xlg elementor-section-boxed elementor-section-height-default elementor-section-height-default\" data-id=\"63ccb5ca\" data-element_type=\"section\">\n\t\t\t\t\t\t<div class=\"elementor-container elementor-column-gap-default\">\n\t\t\t\t\t<div class=\"elementor-column elementor-col-100 elementor-top-column elementor-element elementor-element-7328e9f9\" data-id=\"7328e9f9\" data-element_type=\"column\">\n\t\t\t<div class=\"elementor-widget-wrap elementor-element-populated\">\n\t\t\t\t\t\t<div class=\"elementor-element elementor-element-65436a36 m-t-n-xs mb-5 elementor-widget elementor-widget-heading\" data-id=\"65436a36\" data-element_type=\"widget\" data-widget_type=\"heading.default\">\n\t\t\t\t<div class=\"elementor-widget-container\">\n\t\t\t<style>\/*! elementor - v3.21.0 - 15-04-2024 *\/\n.elementor-heading-title{padding:0;margin:0;line-height:1}.elementor-widget-heading .elementor-heading-title[class*=elementor-size-]>a{color:inherit;font-size:inherit;line-height:inherit}.elementor-widget-heading .elementor-heading-title.elementor-size-small{font-size:15px}.elementor-widget-heading .elementor-heading-title.elementor-size-medium{font-size:19px}.elementor-widget-heading .elementor-heading-title.elementor-size-large{font-size:29px}.elementor-widget-heading .elementor-heading-title.elementor-size-xl{font-size:39px}.elementor-widget-heading .elementor-heading-title.elementor-size-xxl{font-size:59px}<\/style><h2 class=\"elementor-heading-title elementor-size-default\">AZ AINODOLL-R\u00d3L<\/h2>\t\t<\/div>\n\t\t\t\t<\/div>\n\t\t\t\t<div class=\"elementor-element elementor-element-596e654d mb-4 elementor-widget elementor-widget-heading\" data-id=\"596e654d\" data-element_type=\"widget\" data-widget_type=\"heading.default\">\n\t\t\t\t<div class=\"elementor-widget-container\">\n\t\t\t<h3 class=\"elementor-heading-title elementor-size-default\">Kik vagyunk<\/h3>\t\t<\/div>\n\t\t\t\t<\/div>\n\t\t\t\t<section class=\"elementor-section elementor-inner-section elementor-element elementor-element-7fd9f02d elementor-section-full_width elementor-section-height-default elementor-section-height-default\" data-id=\"7fd9f02d\" data-element_type=\"section\">\n\t\t\t\t\t\t<div class=\"elementor-container elementor-column-gap-default\">\n\t\t\t\t\t<div class=\"elementor-column elementor-col-100 elementor-inner-column elementor-element elementor-element-6e5a7277\" data-id=\"6e5a7277\" data-element_type=\"column\">\n\t\t\t<div class=\"elementor-widget-wrap elementor-element-populated\">\n\t\t\t\t\t\t<div class=\"elementor-element elementor-element-4f47d2b8 color-scheme-inherit text-left elementor-widget elementor-widget-text-editor\" data-id=\"4f47d2b8\" data-element_type=\"widget\" data-widget_type=\"text-editor.default\">\n\t\t\t\t<div class=\"elementor-widget-container\">\n\t\t\t<style>\/*! elementor - v3.21.0 - 15-04-2024 *\/\n.elementor-widget-text-editor.elementor-drop-cap-view-stacked .elementor-drop-cap{background-color:#69727d;color:#fff}.elementor-widget-text-editor.elementor-drop-cap-view-framed .elementor-drop-cap{color:#69727d;border:3px solid;background-color:transparent}.elementor-widget-text-editor:not(.elementor-drop-cap-view-default) .elementor-drop-cap{margin-top:8px}.elementor-widget-text-editor:not(.elementor-drop-cap-view-default) .elementor-drop-cap-letter{width:1em;height:1em}.elementor-widget-text-editor .elementor-drop-cap{float:left;text-align:center;line-height:1;font-size:50px}.elementor-widget-text-editor .elementor-drop-cap-letter{display:inline-block}<\/style>\t\t\t\t<p>Az Ainodoll.com a mini szexbab\u00e1k hivatalos weboldala. Mi egy szexbab\u00e1k csapata vagyunk K\u00edn\u00e1b\u00f3l, \u00e9s 6 \u00e9ves tapasztalattal rendelkez\u00fcnk szexbab\u00e1k online \u00e9rt\u00e9kes\u00edt\u00e9s\u00e9ben. Jelenleg mini szexbab\u00e1inkat els\u0151sorban \u00c9szak-Amerik\u00e1ban, Eur\u00f3p\u00e1ban, Jap\u00e1nban \u00e9s Ausztr\u00e1li\u00e1ban \u00e9rt\u00e9kes\u00edtj\u00fck.<\/p>\t\t\t\t\t\t<\/div>\n\t\t\t\t<\/div>\n\t\t\t\t\t<\/div>\n\t\t<\/div>\n\t\t\t\t\t<\/div>\n\t\t<\/section>\n\t\t\t\t<div class=\"elementor-element elementor-element-1a33b11d m-b-xl elementor-widget elementor-widget-heading\" data-id=\"1a33b11d\" data-element_type=\"widget\" data-widget_type=\"heading.default\">\n\t\t\t\t<div class=\"elementor-widget-container\">\n\t\t\t<h2 class=\"elementor-heading-title elementor-size-default\">Mi\u00e9rt v\u00e1lasszon minket<\/h2>\t\t<\/div>\n\t\t\t\t<\/div>\n\t\t\t\t<section class=\"elementor-section elementor-inner-section elementor-element elementor-element-404f4648 elementor-section-full_width mb-4 pb-1 elementor-section-height-default elementor-section-height-default\" data-id=\"404f4648\" data-element_type=\"section\">\n\t\t\t\t\t\t<div class=\"elementor-container elementor-column-gap-default\">\n\t\t\t\t\t<div class=\"elementor-column elementor-col-100 elementor-inner-column elementor-element elementor-element-6a15efb2\" data-id=\"6a15efb2\" data-element_type=\"column\">\n\t\t\t<div class=\"elementor-widget-wrap elementor-element-populated\">\n\t\t\t\t\t\t<div class=\"elementor-element elementor-element-f38a1ea color-scheme-inherit text-left elementor-widget elementor-widget-text-editor\" data-id=\"f38a1ea\" data-element_type=\"widget\" data-widget_type=\"text-editor.default\">\n\t\t\t\t<div class=\"elementor-widget-container\">\n\t\t\t\t\t\t\t<h5>*100% Eredeti, hiteles\u00edtett, eredeti gy\u00e1ri szexbab\u00e1k<\/h5><p>Professzion\u00e1lis mini szexbaba besz\u00e1ll\u00edt\u00f3k\u00e9nt csak kiv\u00e1l\u00f3 min\u0151s\u00e9g\u0171 babaterm\u00e9keket k\u00edn\u00e1lunk, \u00e9s olyan gy\u00e1rt\u00f3kkal dolgozunk, amelyek megfelelnek min\u0151s\u00e9gi el\u0151\u00edr\u00e1sainknak, mint p\u00e9ld\u00e1ul a WM Dolls, Irontech Doll, 6Ye Doll stb.<br \/>Tudjuk, mire v\u00e1gysz, ha min\u0151s\u00e9gi szexbab\u00e1t v\u00e1s\u00e1rolsz, \u00e9s \u00e9leth\u0171 szexbab\u00e1kat k\u00edn\u00e1lunk \u00d6nnek. Bab\u00e1ink egy prec\u00edzi\u00f3s tervez\u00e9s eredm\u00e9nye, amely izgalmass\u00e1 \u00e9s \u00f6szt\u00f6nz\u0151v\u00e9 teszi haszn\u00e1latukat. Szerelmi bab\u00e1inkat szakemberek k\u00e9zzel faragt\u00e1k, akik sok id\u0151t fektetnek arra, hogy minden r\u00e9szletet kiemeljenek. Az ainodolln\u00e1l b\u00fcszk\u00e9k vagyunk arra, hogy odafigyel\u00fcnk a r\u00e9szletekre \u00e9s a term\u00e9kmin\u0151s\u00e9gre, \u00edgy garant\u00e1ljuk \u00fcgyfeleink el\u00e9gedetts\u00e9g\u00e9t.<\/p><h5>* Hatalmas babagy\u0171jtem\u00e9ny (2000+ mini baba)<\/h5><p>Babagy\u00e1runk \u00faj modelleket fejleszt, hogy minden h\u00e9ten \u00faj szerelmes bab\u00e1kat adjon hozz\u00e1. Rengeteg test \u00e9s fejst\u00edlus k\u00f6z\u00fcl v\u00e1laszthat, b\u00e1rmi lehets\u00e9ges! A nagy, \u00e9rz\u00e9ki modellekt\u0151l a v\u00e9kony \u00e9s f\u00fcrge csajokig minden \u00edzl\u00e9s kiel\u00e9g\u00edthet\u0151. Ebbe beletartozik n\u00e9h\u00e1ny egzotikus szeret\u0151nk is, bele\u00e9rtve a t\u00fcnde sz\u00e9ps\u00e9geket \u00e9s a duci mam\u00e1kat. A cser\u00e9lhet\u0151 fejekkel m\u00e9g soha nem volt ilyen egyszer\u0171 \u00f6sszekeverni a dolgokat \u00e9s kipr\u00f3b\u00e1lni valami \u00fajat!<\/p><h5>*Biztons\u00e1gos fizet\u00e9s<\/h5><p>Weboldalunk SSL titkos\u00edt\u00e1s\u00fa, \u00e9s PayPal-t is haszn\u00e1lunk az \u00d6n szem\u00e9lyes adatainak v\u00e9delme \u00e9s biztons\u00e1ga \u00e9rdek\u00e9ben. Addig nem dolgozzuk fel megrendel\u00e9s\u00e9t, am\u00edg meg nem gy\u0151z\u0151d\u00fcnk arr\u00f3l, hogy fizet\u00e9si adatai jogosak. Valamennyi banki tranzakci\u00f3nk, mind k\u00e9zbes\u00edtve, nem a term\u00e9k jelleg\u00e9n alapul. Elk\u00f6telezettek vagyunk a legmagasabb szint\u0171 adatv\u00e9delem mellett, \u00e9s soha nem adjuk ki szem\u00e9lyes adatait harmadik f\u00e9lnek. Tov\u00e1bbi fizet\u00e9si inform\u00e1ci\u00f3k\u00e9rt tekintse meg a fizet\u00e9si \u00fatmutat\u00f3 oldal\u00e1t.<\/p><h5>* Megfizethet\u0151 \u00e9s tisztess\u00e9ges \u00e1r<\/h5><p>Amikor szexbab\u00e1kat v\u00e1s\u00e1rol az ainodoll.com oldalon, mindig biztos lehet benne, hogy tal\u00e1l valamit a k\u00f6lts\u00e9gvet\u00e9s\u00e9n bel\u00fcl. Luxus szexbab\u00e1ink kedvez\u0151 \u00e1r\u00faak. C\u00e9lunk, hogy olyan szexbab\u00e1t biztos\u00edtsunk sz\u00e1modra, amely kiv\u00e1l\u00f3an szolg\u00e1l \u00e9s el\u00e9rhet\u0151 k\u00f6zels\u00e9gben van.<\/p><h5>* Nincs \u00e1tver\u00e9s \u00e9s el\u00e9gedetts\u00e9gi v\u00e1s\u00e1rl\u00e1si garancia<\/h5>\t\t\t\t\t\t<\/div>\n\t\t\t\t<\/div>\n\t\t\t\t\t<\/div>\n\t\t<\/div>\n\t\t\t\t\t<\/div>\n\t\t<\/section>\n\t\t\t\t<section class=\"elementor-section elementor-inner-section elementor-element elementor-element-47670a94 elementor-section-full_width elementor-section-height-default elementor-section-height-default\" data-id=\"47670a94\" data-element_type=\"section\">\n\t\t\t\t\t\t<div class=\"elementor-container elementor-column-gap-default\">\n\t\t\t\t\t<div class=\"elementor-column elementor-col-100 elementor-inner-column elementor-element elementor-element-37e64a0a\" data-id=\"37e64a0a\" data-element_type=\"column\">\n\t\t\t<div class=\"elementor-widget-wrap elementor-element-populated\">\n\t\t\t\t\t\t<div class=\"elementor-element elementor-element-1012628c color-scheme-inherit text-left elementor-widget elementor-widget-text-editor\" data-id=\"1012628c\" data-element_type=\"widget\" data-widget_type=\"text-editor.default\">\n\t\t\t\t<div class=\"elementor-widget-container\">\n\t\t\t\t\t\t\t<p>Hamisan rekl\u00e1mozott term\u00e9ket nem biztos\u00edtunk, \u0151szint\u00e9n b\u00e1nunk \u00e9s szeretettel v\u00e1runk minden szexbab\u00e1t szeret\u0151 v\u00e1s\u00e1rl\u00f3t.<\/p><p>Ezenk\u00edv\u00fcl kem\u00e9nyen dolgozunk azon, hogy a lehet\u0151 legjobb szexbab\u00e1t kapja. Tet\u0151t\u0151l talpig minden egyes bab\u00e1t szemrev\u00e9telez\u00e9ssel megvizsg\u00e1lunk, miel\u0151tt j\u00f3v\u00e1hagyjuk, hogy hazaj\u00f6jj\u00f6n \u00d6nh\u00f6z. Nem megy el, am\u00edg el nem m\u00falik. Azt is biztos\u00edtjuk, hogy az \u00d6n \u00e1ltal k\u00e9rt apr\u00f3s\u00e1gok az \u00d6n specifik\u00e1ci\u00f3i szerint t\u00f6rt\u00e9njenek.<\/p><p>Ha a baba k\u00e9zhezv\u00e9telekor b\u00e1rmilyen hiba t\u00f6rt\u00e9nik a megrendel\u00e9s\u00e9vel (hib\u00e1k vagy hib\u00e1s sz\u00e1ll\u00edt\u00e1s), kijav\u00edtjuk vagy kicser\u00e9lj\u00fck. Tov\u00e1bbi inform\u00e1ci\u00f3\u00e9rt k\u00e9rj\u00fck, tekintse meg a Visszak\u00fcld\u00e9si szab\u00e1lyzat oldalt.<\/p>\t\t\t\t\t\t<\/div>\n\t\t\t\t<\/div>\n\t\t\t\t\t<\/div>\n\t\t<\/div>\n\t\t\t\t\t<\/div>\n\t\t<\/section>\n\t\t\t\t\t<\/div>\n\t\t<\/div>\n\t\t\t\t\t<\/div>\n\t\t<\/section>\n\t\t\t\t<\/div>","protected":false},"excerpt":{"rendered":"<p>AZ AINODOLL-R\u00d3L Kik vagyunk Az Ainodoll.com a mini szexbab\u00e1k hivatalos weboldala. Mi egy Sex Dolls csapat vagyunk<\/p>","protected":false},"author":1,"featured_media":0,"parent":0,"menu_order":0,"comment_status":"closed","ping_status":"closed","template":"","meta":{"footnotes":""},"aioseo_notices":[],"_links":{"self":[{"href":"https:\/\/nodedoll.com\/hu\/wp-json\/wp\/v2\/pages\/15592"}],"collection":[{"href":"https:\/\/nodedoll.com\/hu\/wp-json\/wp\/v2\/pages"}],"about":[{"href":"https:\/\/nodedoll.com\/hu\/wp-json\/wp\/v2\/types\/page"}],"author":[{"embeddable":true,"href":"https:\/\/nodedoll.com\/hu\/wp-json\/wp\/v2\/users\/1"}],"replies":[{"embeddable":true,"href":"https:\/\/nodedoll.com\/hu\/wp-json\/wp\/v2\/comments?post=15592"}],"version-history":[{"count":9,"href":"https:\/\/nodedoll.com\/hu\/wp-json\/wp\/v2\/pages\/15592\/revisions"}],"predecessor-version":[{"id":21455,"href":"https:\/\/nodedoll.com\/hu\/wp-json\/wp\/v2\/pages\/15592\/revisions\/21455"}],"wp:attachment":[{"href":"https:\/\/nodedoll.com\/hu\/wp-json\/wp\/v2\/media?parent=15592"}],"curies":[{"name":"wp","href":"https:\/\/api.w.org\/{rel}","templated":true}]}}