{"id":20285,"date":"2024-04-22T12:30:47","date_gmt":"2024-04-22T12:30:47","guid":{"rendered":"https:\/\/aimdoll.com\/product\/japanese-little-young-teen-tiny-uniform-mini-doll\/"},"modified":"2024-05-15T07:50:58","modified_gmt":"2024-05-15T07:50:58","slug":"japanese-little-young-teen-tiny-uniform-mini-doll","status":"publish","type":"product","link":"https:\/\/nodedoll.com\/hu\/product\/japan-kis-fiatal-tini-apro-egyenruha-mini-baba\/","title":{"rendered":"Jap\u00e1n kis fiatal tini apr\u00f3 egyenruha mini baba"},"content":{"rendered":"<p>Ez egy rendk\u00edv\u00fcl val\u00f3s\u00e1gh\u0171 kis jap\u00e1n szexbaba, igazi arc\u00e1pol\u00f3 baba, amely a legjobb min\u0151s\u00e9g\u0171 szexu\u00e1lis \u00e9lm\u00e9nyt ny\u00fajtja. Egy nagyszer\u0171 kis szerelmes lea baba vizu\u00e1lis stimul\u00e1ci\u00f3j\u00e1b\u00f3l. Egy val\u00f3s\u00e1gh\u0171, igaz\u00e1n fiatal szexbaba tapinthat\u00f3, rugalmas h\u00fasszer\u0171 visszajelz\u00e9s\u00e9re. Ez a mini olcs\u00f3 szexbaba sokf\u00e9lek\u00e9ppen k\u00edn\u00e1l \u00f6r\u00f6met.<\/p>\n<p>Tov\u00e1bb\u00e1, mint a legjobb kis n\u0151i szexbaba k\u00e9p. Ez az apr\u00f3 szexbaba l\u00e1bjob jap\u00e1n szexbaba k\u00e9pek baba egyes\u00edti a megjelen\u00e9st \u00e9s az \u00e9rz\u00e9st. \u00cdgy teljes szexu\u00e1lis stimul\u00e1ci\u00f3t biztos\u00edt. Ezen k\u00edv\u00fcl puha, rugalmas text\u00far\u00e1kat is kap a mini szexbaba segg\u00e9ben. Ez azt jelenti, hogy elfenekelheted ezt a kis anime iskolai egyenruh\u00e1t, \u00e9s \u00e9lvezheted a tapinthat\u00f3 visszajelz\u00e9seket.<\/p>\n<p>R\u00e1ad\u00e1sul nem sok ilyen min\u0151s\u00e9g\u0171, 140 cm-es val\u00f3s\u00e1gh\u0171 szexbaba l\u00e9tezik. Sz\u00f3val szerencs\u00e9s vagy, hogy megtal\u00e1ltad ezt a val\u00f3di mini szexbab\u00e1t.<\/p>\n<p>&nbsp;<\/p>\n\t\t<div data-elementor-type=\"section\" data-elementor-id=\"15956\" class=\"elementor elementor-15956\" data-elementor-post-type=\"elementor_library\">\n\t\t\t<div class=\"wd-negative-gap elementor-element elementor-element-e744d45 e-flex e-con-boxed e-con e-parent\" data-id=\"e744d45\" data-element_type=\"container\">\n\t\t\t\t\t<div class=\"e-con-inner\">\n\t\t<div class=\"wd-negative-gap elementor-element elementor-element-2abc4734 e-flex e-con-boxed e-con e-child\" data-id=\"2abc4734\" data-element_type=\"container\">\n\t\t\t\t\t<div class=\"e-con-inner\">\n\t\t<div class=\"wd-negative-gap elementor-element elementor-element-e4e90d0 e-flex e-con-boxed e-con e-child\" data-id=\"e4e90d0\" data-element_type=\"container\">\n\t\t\t\t\t<div class=\"e-con-inner\">\n\t\t\t\t<div class=\"elementor-element elementor-element-2191b1a4 elementor-cta--skin-cover elementor-animated-content elementor-bg-transform elementor-bg-transform-zoom-in elementor-widget elementor-widget-call-to-action\" data-id=\"2191b1a4\" data-element_type=\"widget\" data-widget_type=\"call-to-action.default\">\n\t\t\t\t<div class=\"elementor-widget-container\">\n\t\t\t\t\t<a class=\"elementor-cta\" href=\"https:\/\/nodedoll.com\/hu\/szex-baba-kepek\/\">\n\t\t\t\t\t<div class=\"elementor-cta__bg-wrapper\">\n\t\t\t\t<div class=\"elementor-cta__bg elementor-bg\" style=\"background-image: url(https:\/\/nodedoll.com\/wp-content\/uploads\/2024\/04\/redirect.jpg);\" role=\"img\" aria-label=\"\u00e1tir\u00e1ny\u00edt\u00e1s\"><\/div>\n\t\t\t\t<div class=\"elementor-cta__bg-overlay\"><\/div>\n\t\t\t<\/div>\n\t\t\t\t\t\t\t<div class=\"elementor-cta__content\">\n\t\t\t\t\n\t\t\t\t\t\t\t\t\t<h2 class=\"elementor-cta__title elementor-cta__content-item elementor-content-item elementor-animated-item--grow\">\n\t\t\t\t\t\t2500+ kis mini szexbaba <\/br>sexdollxxx .com\t\t\t\t\t<\/h2>\n\t\t\t\t\n\t\t\t\t\t\t\t\t\t<div class=\"elementor-cta__description elementor-cta__content-item elementor-content-item elementor-animated-item--grow\">\n\t\t\t\t\t\t40 cm, 60 cm, 80 cm, 100 cm, 120 cm, 140 cm\t\t\t\t\t<\/div>\n\t\t\t\t\n\t\t\t\t\t\t\t\t\t<div class=\"elementor-cta__button-wrapper elementor-cta__content-item elementor-content-item elementor-animated-item--grow\">\n\t\t\t\t\t<span class=\"elementor-cta__button elementor-button elementor-size-md\">\n\t\t\t\t\t\tV\u00e1s\u00e1rolj most\t\t\t\t\t<\/span>\n\t\t\t\t\t<\/div>\n\t\t\t\t\t\t\t<\/div>\n\t\t\t\t\t\t<\/a>\n\t\t\t\t<\/div>\n\t\t\t\t<\/div>\n\t\t\t\t\t<\/div>\n\t\t\t\t<\/div>\n\t\t\t\t\t<\/div>\n\t\t\t\t<\/div>\n\t\t\t\t\t<\/div>\n\t\t\t\t<\/div>\n\t\t\t\t<\/div>","protected":false},"excerpt":{"rendered":"<div data-elementor-type=\"section\" data-elementor-id=\"15952\" class=\"elementor elementor-15952\" data-elementor-post-type=\"elementor_library\">\n<div class=\"wd-negative-gap elementor-element elementor-element-49f97e26 e-flex e-con-boxed e-con e-parent\" data-id=\"49f97e26\" data-element_type=\"container\">\n<div class=\"e-con-inner\">\n<div class=\"wd-negative-gap elementor-element elementor-element-449b9556 e-flex e-con-boxed e-con e-child\" data-id=\"449b9556\" data-element_type=\"container\">\n<div class=\"e-con-inner\">\n<div class=\"elementor-element elementor-element-613a7c10 elementor-cta--skin-cover elementor-animated-content elementor-bg-transform elementor-bg-transform-zoom-in elementor-widget elementor-widget-call-to-action\" data-id=\"613a7c10\" data-element_type=\"widget\" data-widget_type=\"call-to-action.default\">\n<div class=\"elementor-widget-container\">\n\t\t\t<link rel=\"stylesheet\" href=\"https:\/\/nodedoll.com\/wp-content\/uploads\/elementor\/css\/custom-pro-widget-call-to-action.min.css?ver=1716105850\">\t\t<a class=\"elementor-cta\" href=\"https:\/\/nodedoll.com\/hu\/szex-baba-kepek\/\"><\/p>\n<div class=\"elementor-cta__bg-wrapper\">\n<div class=\"elementor-cta__bg elementor-bg\" style=\"background-image: url(https:\/\/nodedoll.com\/wp-content\/uploads\/2024\/04\/redirect-1.jpg);\" role=\"img\" aria-label=\"redirect.jpg\"><\/div>\n<div class=\"elementor-cta__bg-overlay\"><\/div>\n<\/p><\/div>\n<div class=\"elementor-cta__content\">\n<h2 class=\"elementor-cta__title elementor-cta__content-item elementor-content-item elementor-animated-item--grow\">\n\t\t\t\t\t\t2500+ kis mini szexbaba <\/br>sexdollxxx .com\t\t\t\t\t<\/h2>\n<div class=\"elementor-cta__description elementor-cta__content-item elementor-content-item elementor-animated-item--grow\">\n\t\t\t\t\t\t40 cm, 60 cm, 80 cm, 100 cm, 120 cm, 140 cm\t\t\t\t\t<\/div>\n<div class=\"elementor-cta__button-wrapper elementor-cta__content-item elementor-content-item elementor-animated-item--grow\">\n\t\t\t\t\t<span class=\"elementor-cta__button elementor-button elementor-size-md\"><br \/>\n\t\t\t\t\t\tV\u00e1s\u00e1rolj most\t\t\t\t\t<\/span>\n\t\t\t\t\t<\/div>\n<\/p><\/div>\n<p>\t\t\t\t\t\t<\/a>\n\t\t\t\t<\/div>\n<\/p><\/div>\n<\/p><\/div>\n<\/p><\/div>\n<\/p><\/div>\n<\/p><\/div>\n<\/p><\/div>","protected":false},"featured_media":15950,"comment_status":"closed","ping_status":"closed","template":"","meta":[],"product_cat":[796,771,770],"product_tag":[],"aioseo_notices":[],"_links":{"self":[{"href":"https:\/\/nodedoll.com\/hu\/wp-json\/wp\/v2\/product\/20285"}],"collection":[{"href":"https:\/\/nodedoll.com\/hu\/wp-json\/wp\/v2\/product"}],"about":[{"href":"https:\/\/nodedoll.com\/hu\/wp-json\/wp\/v2\/types\/product"}],"replies":[{"embeddable":true,"href":"https:\/\/nodedoll.com\/hu\/wp-json\/wp\/v2\/comments?post=20285"}],"version-history":[{"count":1,"href":"https:\/\/nodedoll.com\/hu\/wp-json\/wp\/v2\/product\/20285\/revisions"}],"predecessor-version":[{"id":20286,"href":"https:\/\/nodedoll.com\/hu\/wp-json\/wp\/v2\/product\/20285\/revisions\/20286"}],"wp:featuredmedia":[{"embeddable":true,"href":"https:\/\/nodedoll.com\/hu\/wp-json\/wp\/v2\/media\/15950"}],"wp:attachment":[{"href":"https:\/\/nodedoll.com\/hu\/wp-json\/wp\/v2\/media?parent=20285"}],"wp:term":[{"taxonomy":"product_cat","embeddable":true,"href":"https:\/\/nodedoll.com\/hu\/wp-json\/wp\/v2\/product_cat?post=20285"},{"taxonomy":"product_tag","embeddable":true,"href":"https:\/\/nodedoll.com\/hu\/wp-json\/wp\/v2\/product_tag?post=20285"}],"curies":[{"name":"wp","href":"https:\/\/api.w.org\/{rel}","templated":true}]}}