{"id":20317,"date":"2024-04-22T12:30:53","date_gmt":"2024-04-22T12:30:53","guid":{"rendered":"https:\/\/aimdoll.com\/product\/aliexpress-mini-sex-doll-head-for-100cm\/"},"modified":"2024-05-15T08:06:03","modified_gmt":"2024-05-15T08:06:03","slug":"aliexpress-mini-sex-doll-head-for-100cm","status":"publish","type":"product","link":"https:\/\/nodedoll.com\/hu\/product\/aliexpress-mini-szexbaba-fej-100cm-hez\/","title":{"rendered":"AliExpress mini szexbaba fej 100 cm-hez"},"content":{"rendered":"<p>Bemutatjuk az AliExpress Mini Sex Doll-t, egy 100 cm-es szexbaba fejet, amely rendk\u00edv\u00fcl k\u00e9nyelmes azok sz\u00e1m\u00e1ra, akik szeretik testreszabni \u00e9s szem\u00e9lyre szabni \u00e9lm\u00e9ny\u00fcket. Nincs sz\u00fcks\u00e9g szersz\u00e1mokra \u00e9s egy szemernyi szak\u00e9rtelemre sem; egyszer\u0171en nyisd ki a dobozt, vedd el\u0151 ezt a mini szexbaba maszturb\u00e1tort, \u00e9s kezdd el minden neh\u00e9zs\u00e9g n\u00e9lk\u00fcl megv\u00e1ltoztatni a kis jap\u00e1n szexbaba tulajdons\u00e1gait.<\/p>\n<p>Ez az otthoni, fiatal tini f\u00e9rfi kibaszott szexbaba vidios minden kieg\u00e9sz\u00edt\u0151vel rendelkezik, amire sz\u00fcks\u00e9ge lehet: az arckialak\u00edt\u00e1s r\u00e9szletei, el\u0151re festett hajf\u00fcrt\u00f6k; puha szilikon test a fokozott k\u00e9nyelem \u00e9s \u00e9rz\u00e9s \u00e9rdek\u00e9ben. Mindezek a kibaszott 158 cm-es szexbab\u00e1m porn\u00f3verzi\u00f3im az\u00e9rt vannak biztos\u00edtva, hogy minden alkalommal elk\u00e9peszt\u0151 szexu\u00e1lis hanc\u00faroz\u00e1sban r\u00e9szes\u00fclhess! Ezen k\u00edv\u00fcl l\u00e1that\u00f3 a k\u00f6nny\u0171, massz\u00edv kialak\u00edt\u00e1s, amely biztos\u00edtja a j\u00f3 min\u0151s\u00e9get \u2013 mindkett\u0151 ritkas\u00e1gsz\u00e1mba megy az ilyen term\u00e9kekn\u00e9l, amelyek rendk\u00edv\u00fcl kis t\u00e1rhelyet ig\u00e9nyelnek \u2013, m\u00e9gis 10-szer k\u00f6nnyebben t\u00e1rolhat\u00f3 a 11 h\u00fcvelykes Barbie szexbaba.<\/p>\n<p>\u00c9lvezheti az \u00e9letst\u00edlus \u00e9lvezet\u00e9t \u00e9s a v\u00e9gs\u0151 k\u00e9nyelmet, mindezt annak k\u00f6sz\u00f6nhet\u0151en, hogy el\u00e9gedetts\u00e9gi garanci\u00e1t v\u00e1llal a tin\u00e9dzser l\u00e1nyok szexbab\u00e1k v\u00e1s\u00e1rl\u00e1sakor b\u00e1rkit\u0151l, aki online \u00e1ruh\u00e1zunkban v\u00e1s\u00e1rol! Te is l\u00e9trehozhatod a saj\u00e1t, kibaszott lapos mellkasom jap\u00e1n szexbab\u00e1dat, ha \u00f6ssze\u00e1ll\u00edtod azokat a d\u00f6g\u00f6s tini szexbaba-alkatr\u00e9szeket.<\/p>\n<p>&nbsp;<\/p>\n\t\t<div data-elementor-type=\"section\" data-elementor-id=\"15956\" class=\"elementor elementor-15956\" data-elementor-post-type=\"elementor_library\">\n\t\t\t<div class=\"wd-negative-gap elementor-element elementor-element-e744d45 e-flex e-con-boxed e-con e-parent\" data-id=\"e744d45\" data-element_type=\"container\">\n\t\t\t\t\t<div class=\"e-con-inner\">\n\t\t<div class=\"wd-negative-gap elementor-element elementor-element-2abc4734 e-flex e-con-boxed e-con e-child\" data-id=\"2abc4734\" data-element_type=\"container\">\n\t\t\t\t\t<div class=\"e-con-inner\">\n\t\t<div class=\"wd-negative-gap elementor-element elementor-element-e4e90d0 e-flex e-con-boxed e-con e-child\" data-id=\"e4e90d0\" data-element_type=\"container\">\n\t\t\t\t\t<div class=\"e-con-inner\">\n\t\t\t\t<div class=\"elementor-element elementor-element-2191b1a4 elementor-cta--skin-cover elementor-animated-content elementor-bg-transform elementor-bg-transform-zoom-in elementor-widget elementor-widget-call-to-action\" data-id=\"2191b1a4\" data-element_type=\"widget\" data-widget_type=\"call-to-action.default\">\n\t\t\t\t<div class=\"elementor-widget-container\">\n\t\t\t\t\t<a class=\"elementor-cta\" href=\"https:\/\/nodedoll.com\/hu\/szex-baba-kepek\/\">\n\t\t\t\t\t<div class=\"elementor-cta__bg-wrapper\">\n\t\t\t\t<div class=\"elementor-cta__bg elementor-bg\" style=\"background-image: url(https:\/\/nodedoll.com\/wp-content\/uploads\/2024\/04\/redirect.jpg);\" role=\"img\" aria-label=\"\u00e1tir\u00e1ny\u00edt\u00e1s\"><\/div>\n\t\t\t\t<div class=\"elementor-cta__bg-overlay\"><\/div>\n\t\t\t<\/div>\n\t\t\t\t\t\t\t<div class=\"elementor-cta__content\">\n\t\t\t\t\n\t\t\t\t\t\t\t\t\t<h2 class=\"elementor-cta__title elementor-cta__content-item elementor-content-item elementor-animated-item--grow\">\n\t\t\t\t\t\t2500+ kis mini szexbaba <\/br>sexdollxxx .com\t\t\t\t\t<\/h2>\n\t\t\t\t\n\t\t\t\t\t\t\t\t\t<div class=\"elementor-cta__description elementor-cta__content-item elementor-content-item elementor-animated-item--grow\">\n\t\t\t\t\t\t40 cm, 60 cm, 80 cm, 100 cm, 120 cm, 140 cm\t\t\t\t\t<\/div>\n\t\t\t\t\n\t\t\t\t\t\t\t\t\t<div class=\"elementor-cta__button-wrapper elementor-cta__content-item elementor-content-item elementor-animated-item--grow\">\n\t\t\t\t\t<span class=\"elementor-cta__button elementor-button elementor-size-md\">\n\t\t\t\t\t\tV\u00e1s\u00e1rolj most\t\t\t\t\t<\/span>\n\t\t\t\t\t<\/div>\n\t\t\t\t\t\t\t<\/div>\n\t\t\t\t\t\t<\/a>\n\t\t\t\t<\/div>\n\t\t\t\t<\/div>\n\t\t\t\t\t<\/div>\n\t\t\t\t<\/div>\n\t\t\t\t\t<\/div>\n\t\t\t\t<\/div>\n\t\t\t\t\t<\/div>\n\t\t\t\t<\/div>\n\t\t\t\t<\/div>","protected":false},"excerpt":{"rendered":"<div data-elementor-type=\"section\" data-elementor-id=\"15952\" class=\"elementor elementor-15952\" data-elementor-post-type=\"elementor_library\">\n<div class=\"wd-negative-gap elementor-element elementor-element-49f97e26 e-flex e-con-boxed e-con e-parent\" data-id=\"49f97e26\" data-element_type=\"container\">\n<div class=\"e-con-inner\">\n<div class=\"wd-negative-gap elementor-element elementor-element-449b9556 e-flex e-con-boxed e-con e-child\" data-id=\"449b9556\" data-element_type=\"container\">\n<div class=\"e-con-inner\">\n<div class=\"elementor-element elementor-element-613a7c10 elementor-cta--skin-cover elementor-animated-content elementor-bg-transform elementor-bg-transform-zoom-in elementor-widget elementor-widget-call-to-action\" data-id=\"613a7c10\" data-element_type=\"widget\" data-widget_type=\"call-to-action.default\">\n<div class=\"elementor-widget-container\">\n\t\t\t<link rel=\"stylesheet\" href=\"https:\/\/nodedoll.com\/wp-content\/uploads\/elementor\/css\/custom-pro-widget-call-to-action.min.css?ver=1716105850\">\t\t<a class=\"elementor-cta\" href=\"https:\/\/nodedoll.com\/hu\/szex-baba-kepek\/\"><\/p>\n<div class=\"elementor-cta__bg-wrapper\">\n<div class=\"elementor-cta__bg elementor-bg\" style=\"background-image: url(https:\/\/nodedoll.com\/wp-content\/uploads\/2024\/04\/redirect-1.jpg);\" role=\"img\" aria-label=\"redirect.jpg\"><\/div>\n<div class=\"elementor-cta__bg-overlay\"><\/div>\n<\/p><\/div>\n<div class=\"elementor-cta__content\">\n<h2 class=\"elementor-cta__title elementor-cta__content-item elementor-content-item elementor-animated-item--grow\">\n\t\t\t\t\t\t2500+ kis mini szexbaba <\/br>sexdollxxx .com\t\t\t\t\t<\/h2>\n<div class=\"elementor-cta__description elementor-cta__content-item elementor-content-item elementor-animated-item--grow\">\n\t\t\t\t\t\t40 cm, 60 cm, 80 cm, 100 cm, 120 cm, 140 cm\t\t\t\t\t<\/div>\n<div class=\"elementor-cta__button-wrapper elementor-cta__content-item elementor-content-item elementor-animated-item--grow\">\n\t\t\t\t\t<span class=\"elementor-cta__button elementor-button elementor-size-md\"><br \/>\n\t\t\t\t\t\tV\u00e1s\u00e1rolj most\t\t\t\t\t<\/span>\n\t\t\t\t\t<\/div>\n<\/p><\/div>\n<p>\t\t\t\t\t\t<\/a>\n\t\t\t\t<\/div>\n<\/p><\/div>\n<\/p><\/div>\n<\/p><\/div>\n<\/p><\/div>\n<\/p><\/div>\n<\/p><\/div>","protected":false},"featured_media":15950,"comment_status":"closed","ping_status":"closed","template":"","meta":[],"product_cat":[804,790,796],"product_tag":[],"aioseo_notices":[],"_links":{"self":[{"href":"https:\/\/nodedoll.com\/hu\/wp-json\/wp\/v2\/product\/20317"}],"collection":[{"href":"https:\/\/nodedoll.com\/hu\/wp-json\/wp\/v2\/product"}],"about":[{"href":"https:\/\/nodedoll.com\/hu\/wp-json\/wp\/v2\/types\/product"}],"replies":[{"embeddable":true,"href":"https:\/\/nodedoll.com\/hu\/wp-json\/wp\/v2\/comments?post=20317"}],"version-history":[{"count":1,"href":"https:\/\/nodedoll.com\/hu\/wp-json\/wp\/v2\/product\/20317\/revisions"}],"predecessor-version":[{"id":20318,"href":"https:\/\/nodedoll.com\/hu\/wp-json\/wp\/v2\/product\/20317\/revisions\/20318"}],"wp:featuredmedia":[{"embeddable":true,"href":"https:\/\/nodedoll.com\/hu\/wp-json\/wp\/v2\/media\/15950"}],"wp:attachment":[{"href":"https:\/\/nodedoll.com\/hu\/wp-json\/wp\/v2\/media?parent=20317"}],"wp:term":[{"taxonomy":"product_cat","embeddable":true,"href":"https:\/\/nodedoll.com\/hu\/wp-json\/wp\/v2\/product_cat?post=20317"},{"taxonomy":"product_tag","embeddable":true,"href":"https:\/\/nodedoll.com\/hu\/wp-json\/wp\/v2\/product_tag?post=20317"}],"curies":[{"name":"wp","href":"https:\/\/api.w.org\/{rel}","templated":true}]}}