{"id":20535,"date":"2024-04-22T12:31:12","date_gmt":"2024-04-22T12:31:12","guid":{"rendered":"https:\/\/aimdoll.com\/product\/60cm-miniature-silicone-sex-doll-with-voice\/"},"modified":"2024-05-14T07:53:17","modified_gmt":"2024-05-14T07:53:17","slug":"60cm-miniature-silicone-sex-doll-with-voice","status":"publish","type":"product","link":"https:\/\/nodedoll.com\/hu\/product\/60-cm-es-miniatur-szilikon-szexbaba-hanggal\/","title":{"rendered":"60 cm-es miniat\u0171r szilikon szexbaba hanggal"},"content":{"rendered":"<p>Egy 60 cm magas szexbab\u00e1t keresek, \u00e9s a legnagyobb megel\u00e9ged\u00e9st ny\u00fajtja sz\u00e1momra. Ezek a szexbab\u00e1k alapvet\u0151en kifejezetten szexhez k\u00e9sz\u00fclt bab\u00e1k, \u00e9s k\u00e9t lehet\u0151s\u00e9g k\u00f6z\u00fcl v\u00e1laszthat, 140 cm vagy 100 cm magass\u00e1g\u00fa. A kis n\u0151i bab\u00e1k a fi\u00fak \u00e9lvezeti z\u00f3n\u00e1jak\u00e9nt szolg\u00e1lnak, szuper min\u0151s\u00e9gi term\u00e9kekkel, amelyek igazi hangulatot adnak.<\/p>\n<p>&nbsp;<\/p>\n<p>A 100 cm-es szerelmes bab\u00e1ink ebay-\u00e1ruh\u00e1z\u00e1ban a v\u00e1s\u00e1rl\u00f3k nagyon fontosnak tartj\u00e1k, hogy olyan bab\u00e1kat v\u00e1s\u00e1roljanak, amelyeken a szem\u00e9lyes sz\u00ednpad vagy szerelem felirata l\u00e1that\u00f3. Emiatt c\u00e9g\u00fcnk szem\u00e9lyre szabott lehet\u0151s\u00e9gek sz\u00e9les sk\u00e1l\u00e1j\u00e1t k\u00edn\u00e1lja a kis cilicon szexbab\u00e1m vide\u00f3inak testreszab\u00e1s\u00e1hoz, amelyeket az ir\u00e1nyok, jellemz\u0151k, tervez\u00e9si st\u00edlusok \u00e9s testt\u00edpusok \u00f6szt\u00f6n\u00f6znek. - \u00dagy \u00e9rtem, mint a szuperfejlett funkci\u00f3k, mint p\u00e9ld\u00e1ul a ny\u00f6g\u0151 funkci\u00f3k, amelyek hat\u00e1rozottan jav\u00edtj\u00e1k a baba megjelen\u00e9s\u00e9nek val\u00f3s\u00e1gh\u0171s\u00e9g\u00e9t, \u00e9s teljesen val\u00f3s\u00e1gh\u0171bb\u00e9 teszik.<\/p>\n<p>Kiel\u00e9g\u00edt\u0151 \u00e9lm\u00e9nyeket szerezhetek a professzion\u00e1lis min\u0151s\u00e9g\u0171 szexbab\u00e1kkal, amelyek hihetetlen \u00e1ron kaphat\u00f3k.<\/p>\n<p>&nbsp;<\/p>\n\t\t<div data-elementor-type=\"section\" data-elementor-id=\"15956\" class=\"elementor elementor-15956\" data-elementor-post-type=\"elementor_library\">\n\t\t\t<div class=\"wd-negative-gap elementor-element elementor-element-e744d45 e-flex e-con-boxed e-con e-parent\" data-id=\"e744d45\" data-element_type=\"container\">\n\t\t\t\t\t<div class=\"e-con-inner\">\n\t\t<div class=\"wd-negative-gap elementor-element elementor-element-2abc4734 e-flex e-con-boxed e-con e-child\" data-id=\"2abc4734\" data-element_type=\"container\">\n\t\t\t\t\t<div class=\"e-con-inner\">\n\t\t<div class=\"wd-negative-gap elementor-element elementor-element-e4e90d0 e-flex e-con-boxed e-con e-child\" data-id=\"e4e90d0\" data-element_type=\"container\">\n\t\t\t\t\t<div class=\"e-con-inner\">\n\t\t\t\t<div class=\"elementor-element elementor-element-2191b1a4 elementor-cta--skin-cover elementor-animated-content elementor-bg-transform elementor-bg-transform-zoom-in elementor-widget elementor-widget-call-to-action\" data-id=\"2191b1a4\" data-element_type=\"widget\" data-widget_type=\"call-to-action.default\">\n\t\t\t\t<div class=\"elementor-widget-container\">\n\t\t\t\t\t<a class=\"elementor-cta\" href=\"https:\/\/nodedoll.com\/hu\/szex-baba-kepek\/\">\n\t\t\t\t\t<div class=\"elementor-cta__bg-wrapper\">\n\t\t\t\t<div class=\"elementor-cta__bg elementor-bg\" style=\"background-image: url(https:\/\/nodedoll.com\/wp-content\/uploads\/2024\/04\/redirect.jpg);\" role=\"img\" aria-label=\"\u00e1tir\u00e1ny\u00edt\u00e1s\"><\/div>\n\t\t\t\t<div class=\"elementor-cta__bg-overlay\"><\/div>\n\t\t\t<\/div>\n\t\t\t\t\t\t\t<div class=\"elementor-cta__content\">\n\t\t\t\t\n\t\t\t\t\t\t\t\t\t<h2 class=\"elementor-cta__title elementor-cta__content-item elementor-content-item elementor-animated-item--grow\">\n\t\t\t\t\t\t2500+ kis mini szexbaba <\/br>sexdollxxx .com\t\t\t\t\t<\/h2>\n\t\t\t\t\n\t\t\t\t\t\t\t\t\t<div class=\"elementor-cta__description elementor-cta__content-item elementor-content-item elementor-animated-item--grow\">\n\t\t\t\t\t\t40 cm, 60 cm, 80 cm, 100 cm, 120 cm, 140 cm\t\t\t\t\t<\/div>\n\t\t\t\t\n\t\t\t\t\t\t\t\t\t<div class=\"elementor-cta__button-wrapper elementor-cta__content-item elementor-content-item elementor-animated-item--grow\">\n\t\t\t\t\t<span class=\"elementor-cta__button elementor-button elementor-size-md\">\n\t\t\t\t\t\tV\u00e1s\u00e1rolj most\t\t\t\t\t<\/span>\n\t\t\t\t\t<\/div>\n\t\t\t\t\t\t\t<\/div>\n\t\t\t\t\t\t<\/a>\n\t\t\t\t<\/div>\n\t\t\t\t<\/div>\n\t\t\t\t\t<\/div>\n\t\t\t\t<\/div>\n\t\t\t\t\t<\/div>\n\t\t\t\t<\/div>\n\t\t\t\t\t<\/div>\n\t\t\t\t<\/div>\n\t\t\t\t<\/div>","protected":false},"excerpt":{"rendered":"<div data-elementor-type=\"section\" data-elementor-id=\"15952\" class=\"elementor elementor-15952\" data-elementor-post-type=\"elementor_library\">\n<div class=\"wd-negative-gap elementor-element elementor-element-49f97e26 e-flex e-con-boxed e-con e-parent\" data-id=\"49f97e26\" data-element_type=\"container\">\n<div class=\"e-con-inner\">\n<div class=\"wd-negative-gap elementor-element elementor-element-449b9556 e-flex e-con-boxed e-con e-child\" data-id=\"449b9556\" data-element_type=\"container\">\n<div class=\"e-con-inner\">\n<div class=\"elementor-element elementor-element-613a7c10 elementor-cta--skin-cover elementor-animated-content elementor-bg-transform elementor-bg-transform-zoom-in elementor-widget elementor-widget-call-to-action\" data-id=\"613a7c10\" data-element_type=\"widget\" data-widget_type=\"call-to-action.default\">\n<div class=\"elementor-widget-container\">\n\t\t\t<link rel=\"stylesheet\" href=\"https:\/\/nodedoll.com\/wp-content\/uploads\/elementor\/css\/custom-pro-widget-call-to-action.min.css?ver=1716105850\">\t\t<a class=\"elementor-cta\" href=\"https:\/\/nodedoll.com\/hu\/szex-baba-kepek\/\"><\/p>\n<div class=\"elementor-cta__bg-wrapper\">\n<div class=\"elementor-cta__bg elementor-bg\" style=\"background-image: url(https:\/\/nodedoll.com\/wp-content\/uploads\/2024\/04\/redirect-1.jpg);\" role=\"img\" aria-label=\"redirect.jpg\"><\/div>\n<div class=\"elementor-cta__bg-overlay\"><\/div>\n<\/p><\/div>\n<div class=\"elementor-cta__content\">\n<h2 class=\"elementor-cta__title elementor-cta__content-item elementor-content-item elementor-animated-item--grow\">\n\t\t\t\t\t\t2500+ kis mini szexbaba <\/br>sexdollxxx .com\t\t\t\t\t<\/h2>\n<div class=\"elementor-cta__description elementor-cta__content-item elementor-content-item elementor-animated-item--grow\">\n\t\t\t\t\t\t40 cm, 60 cm, 80 cm, 100 cm, 120 cm, 140 cm\t\t\t\t\t<\/div>\n<div class=\"elementor-cta__button-wrapper elementor-cta__content-item elementor-content-item elementor-animated-item--grow\">\n\t\t\t\t\t<span class=\"elementor-cta__button elementor-button elementor-size-md\"><br \/>\n\t\t\t\t\t\tV\u00e1s\u00e1rolj most\t\t\t\t\t<\/span>\n\t\t\t\t\t<\/div>\n<\/p><\/div>\n<p>\t\t\t\t\t\t<\/a>\n\t\t\t\t<\/div>\n<\/p><\/div>\n<\/p><\/div>\n<\/p><\/div>\n<\/p><\/div>\n<\/p><\/div>\n<\/p><\/div>","protected":false},"featured_media":15950,"comment_status":"closed","ping_status":"closed","template":"","meta":[],"product_cat":[791,771,770],"product_tag":[],"aioseo_notices":[],"_links":{"self":[{"href":"https:\/\/nodedoll.com\/hu\/wp-json\/wp\/v2\/product\/20535"}],"collection":[{"href":"https:\/\/nodedoll.com\/hu\/wp-json\/wp\/v2\/product"}],"about":[{"href":"https:\/\/nodedoll.com\/hu\/wp-json\/wp\/v2\/types\/product"}],"replies":[{"embeddable":true,"href":"https:\/\/nodedoll.com\/hu\/wp-json\/wp\/v2\/comments?post=20535"}],"version-history":[{"count":1,"href":"https:\/\/nodedoll.com\/hu\/wp-json\/wp\/v2\/product\/20535\/revisions"}],"predecessor-version":[{"id":20536,"href":"https:\/\/nodedoll.com\/hu\/wp-json\/wp\/v2\/product\/20535\/revisions\/20536"}],"wp:featuredmedia":[{"embeddable":true,"href":"https:\/\/nodedoll.com\/hu\/wp-json\/wp\/v2\/media\/15950"}],"wp:attachment":[{"href":"https:\/\/nodedoll.com\/hu\/wp-json\/wp\/v2\/media?parent=20535"}],"wp:term":[{"taxonomy":"product_cat","embeddable":true,"href":"https:\/\/nodedoll.com\/hu\/wp-json\/wp\/v2\/product_cat?post=20535"},{"taxonomy":"product_tag","embeddable":true,"href":"https:\/\/nodedoll.com\/hu\/wp-json\/wp\/v2\/product_tag?post=20535"}],"curies":[{"name":"wp","href":"https:\/\/api.w.org\/{rel}","templated":true}]}}