{"id":20537,"date":"2024-04-22T12:31:12","date_gmt":"2024-04-22T12:31:12","guid":{"rendered":"https:\/\/aimdoll.com\/product\/aliexpress-tiny-love-sex-doll-flat-chest\/"},"modified":"2024-05-14T07:53:43","modified_gmt":"2024-05-14T07:53:43","slug":"aliexpress-tiny-love-sex-doll-flat-chest","status":"publish","type":"product","link":"https:\/\/nodedoll.com\/hu\/product\/aliexpress-apro-szerelmes-szex-baba-lapos-mellkas\/","title":{"rendered":"AliExpress apr\u00f3 szerelmes szex baba lapos mellkas"},"content":{"rendered":"<p>Nagyszer\u0171 \u00f6tlet egy kicsi \u00e9s \u00e1zsiai sz\u00e1rmaz\u00e1s\u00fa szerelmi bab\u00e1t venni, ha valamire v\u00e1gyik, hogy egyed\u00fcl t\u00f6ltse az idej\u00e9t. Egyes egy\u00e9nek sz\u00e1m\u00e1ra ak\u00e1r f\u00fcgg\u0151s\u00e9get is okozhat. Ezek a bab\u00e1k k\u00e9nyelem \u00e9s t\u00e1rsas\u00e1gi \u00e9rz\u00e9st ny\u00fajtanak, olyan dolgokat, amelyeket n\u00e9ha m\u00e9g az emberek sem tudnak megadni. Nincs nyom\u00e1s az egy\u00e9nre, hogy \u00fagy reag\u00e1ljon vagy teljes\u00edtsen, ahogyan elv\u00e1rhat\u00f3, ami egyesek sz\u00e1m\u00e1ra jobb v\u00e1laszt\u00e1s lehet. Ez a kis, 120 cm-es mellm\u00e9ret extra \u00e9rz\u00e9ki \u00e9rz\u00e9st ad a furtanari szexbab\u00e1val. Val\u00f3sz\u00edn\u0171leg gondos odafigyel\u00e9st ig\u00e9nyel a r\u00e9szletekre, mivel az \u00e9rt\u00e9kes\u00edt\u00e9si pont egy\u00e9rtelm\u0171en a r\u00e9szletgazdags\u00e1g, amely a val\u00f3s\u00e1gh\u0171 \u00e9rz\u00e9s \u00e9s megjelen\u00e9s megteremt\u00e9s\u00e9hez sz\u00fcks\u00e9ges. Aliexpress szexbaba lapos mell mellkasunk kiv\u00e1l\u00f3 min\u0151s\u00e9g\u0171 anyagokb\u00f3l k\u00e9sz\u00fclt, a baba ar\u00e1nyai pedig az emberi testhez igazodnak, ami val\u00f3di \u00e9s pontos test\u00e9rzetet ad. T\u00f6k\u00e9letes minden szexu\u00e1lis v\u00e1gy\u00e1hoz.<\/p>\n<p>&nbsp;<\/p>\n<p>Ink\u00e1bb egy val\u00f3s\u00e1gh\u0171 megjelen\u00e9s\u0171 bab\u00e1t szeretn\u00e9k, amelynek b\u0151re kellemes \u00e9s puha, \u00edgy b\u00faj\u00f3snak \u00e9rzem magam, amikor j\u00e1tszom. J\u00f3 egyed\u00fcl j\u00e1tszani vagy m\u00e1sokkal egy\u00fctt j\u00e1tszani a szerepj\u00e1t\u00e9kok sor\u00e1n. A 100 cm magas yumi mini szex bab\u00e1nk garant\u00e1ltan seg\u00edti a szexu\u00e1lis kalandok \u00e9lvezet\u00e9t. A szexbab\u00e1k egyre jobbak, \u00e9s a legjobb az eg\u00e9szben az, hogy megfizethet\u0151v\u00e9 v\u00e1lnak, v\u00e9gtelen felfedez\u00e9si lehet\u0151s\u00e9get biztos\u00edtva<\/p>\n<p>&nbsp;<\/p>\n\t\t<div data-elementor-type=\"section\" data-elementor-id=\"15956\" class=\"elementor elementor-15956\" data-elementor-post-type=\"elementor_library\">\n\t\t\t<div class=\"wd-negative-gap elementor-element elementor-element-e744d45 e-flex e-con-boxed e-con e-parent\" data-id=\"e744d45\" data-element_type=\"container\">\n\t\t\t\t\t<div class=\"e-con-inner\">\n\t\t<div class=\"wd-negative-gap elementor-element elementor-element-2abc4734 e-flex e-con-boxed e-con e-child\" data-id=\"2abc4734\" data-element_type=\"container\">\n\t\t\t\t\t<div class=\"e-con-inner\">\n\t\t<div class=\"wd-negative-gap elementor-element elementor-element-e4e90d0 e-flex e-con-boxed e-con e-child\" data-id=\"e4e90d0\" data-element_type=\"container\">\n\t\t\t\t\t<div class=\"e-con-inner\">\n\t\t\t\t<div class=\"elementor-element elementor-element-2191b1a4 elementor-cta--skin-cover elementor-animated-content elementor-bg-transform elementor-bg-transform-zoom-in elementor-widget elementor-widget-call-to-action\" data-id=\"2191b1a4\" data-element_type=\"widget\" data-widget_type=\"call-to-action.default\">\n\t\t\t\t<div class=\"elementor-widget-container\">\n\t\t\t\t\t<a class=\"elementor-cta\" href=\"https:\/\/nodedoll.com\/hu\/szex-baba-kepek\/\">\n\t\t\t\t\t<div class=\"elementor-cta__bg-wrapper\">\n\t\t\t\t<div class=\"elementor-cta__bg elementor-bg\" style=\"background-image: url(https:\/\/nodedoll.com\/wp-content\/uploads\/2024\/04\/redirect.jpg);\" role=\"img\" aria-label=\"\u00e1tir\u00e1ny\u00edt\u00e1s\"><\/div>\n\t\t\t\t<div class=\"elementor-cta__bg-overlay\"><\/div>\n\t\t\t<\/div>\n\t\t\t\t\t\t\t<div class=\"elementor-cta__content\">\n\t\t\t\t\n\t\t\t\t\t\t\t\t\t<h2 class=\"elementor-cta__title elementor-cta__content-item elementor-content-item elementor-animated-item--grow\">\n\t\t\t\t\t\t2500+ kis mini szexbaba <\/br>sexdollxxx .com\t\t\t\t\t<\/h2>\n\t\t\t\t\n\t\t\t\t\t\t\t\t\t<div class=\"elementor-cta__description elementor-cta__content-item elementor-content-item elementor-animated-item--grow\">\n\t\t\t\t\t\t40 cm, 60 cm, 80 cm, 100 cm, 120 cm, 140 cm\t\t\t\t\t<\/div>\n\t\t\t\t\n\t\t\t\t\t\t\t\t\t<div class=\"elementor-cta__button-wrapper elementor-cta__content-item elementor-content-item elementor-animated-item--grow\">\n\t\t\t\t\t<span class=\"elementor-cta__button elementor-button elementor-size-md\">\n\t\t\t\t\t\tV\u00e1s\u00e1rolj most\t\t\t\t\t<\/span>\n\t\t\t\t\t<\/div>\n\t\t\t\t\t\t\t<\/div>\n\t\t\t\t\t\t<\/a>\n\t\t\t\t<\/div>\n\t\t\t\t<\/div>\n\t\t\t\t\t<\/div>\n\t\t\t\t<\/div>\n\t\t\t\t\t<\/div>\n\t\t\t\t<\/div>\n\t\t\t\t\t<\/div>\n\t\t\t\t<\/div>\n\t\t\t\t<\/div>","protected":false},"excerpt":{"rendered":"<div data-elementor-type=\"section\" data-elementor-id=\"15952\" class=\"elementor elementor-15952\" data-elementor-post-type=\"elementor_library\">\n<div class=\"wd-negative-gap elementor-element elementor-element-49f97e26 e-flex e-con-boxed e-con e-parent\" data-id=\"49f97e26\" data-element_type=\"container\">\n<div class=\"e-con-inner\">\n<div class=\"wd-negative-gap elementor-element elementor-element-449b9556 e-flex e-con-boxed e-con e-child\" data-id=\"449b9556\" data-element_type=\"container\">\n<div class=\"e-con-inner\">\n<div class=\"elementor-element elementor-element-613a7c10 elementor-cta--skin-cover elementor-animated-content elementor-bg-transform elementor-bg-transform-zoom-in elementor-widget elementor-widget-call-to-action\" data-id=\"613a7c10\" data-element_type=\"widget\" data-widget_type=\"call-to-action.default\">\n<div class=\"elementor-widget-container\">\n\t\t\t<link rel=\"stylesheet\" href=\"https:\/\/nodedoll.com\/wp-content\/uploads\/elementor\/css\/custom-pro-widget-call-to-action.min.css?ver=1716105850\">\t\t<a class=\"elementor-cta\" href=\"https:\/\/nodedoll.com\/hu\/szex-baba-kepek\/\"><\/p>\n<div class=\"elementor-cta__bg-wrapper\">\n<div class=\"elementor-cta__bg elementor-bg\" style=\"background-image: url(https:\/\/nodedoll.com\/wp-content\/uploads\/2024\/04\/redirect-1.jpg);\" role=\"img\" aria-label=\"redirect.jpg\"><\/div>\n<div class=\"elementor-cta__bg-overlay\"><\/div>\n<\/p><\/div>\n<div class=\"elementor-cta__content\">\n<h2 class=\"elementor-cta__title elementor-cta__content-item elementor-content-item elementor-animated-item--grow\">\n\t\t\t\t\t\t2500+ kis mini szexbaba <\/br>sexdollxxx .com\t\t\t\t\t<\/h2>\n<div class=\"elementor-cta__description elementor-cta__content-item elementor-content-item elementor-animated-item--grow\">\n\t\t\t\t\t\t40 cm, 60 cm, 80 cm, 100 cm, 120 cm, 140 cm\t\t\t\t\t<\/div>\n<div class=\"elementor-cta__button-wrapper elementor-cta__content-item elementor-content-item elementor-animated-item--grow\">\n\t\t\t\t\t<span class=\"elementor-cta__button elementor-button elementor-size-md\"><br \/>\n\t\t\t\t\t\tV\u00e1s\u00e1rolj most\t\t\t\t\t<\/span>\n\t\t\t\t\t<\/div>\n<\/p><\/div>\n<p>\t\t\t\t\t\t<\/a>\n\t\t\t\t<\/div>\n<\/p><\/div>\n<\/p><\/div>\n<\/p><\/div>\n<\/p><\/div>\n<\/p><\/div>\n<\/p><\/div>","protected":false},"featured_media":15950,"comment_status":"closed","ping_status":"closed","template":"","meta":[],"product_cat":[791,770,802],"product_tag":[],"aioseo_notices":[],"_links":{"self":[{"href":"https:\/\/nodedoll.com\/hu\/wp-json\/wp\/v2\/product\/20537"}],"collection":[{"href":"https:\/\/nodedoll.com\/hu\/wp-json\/wp\/v2\/product"}],"about":[{"href":"https:\/\/nodedoll.com\/hu\/wp-json\/wp\/v2\/types\/product"}],"replies":[{"embeddable":true,"href":"https:\/\/nodedoll.com\/hu\/wp-json\/wp\/v2\/comments?post=20537"}],"version-history":[{"count":2,"href":"https:\/\/nodedoll.com\/hu\/wp-json\/wp\/v2\/product\/20537\/revisions"}],"predecessor-version":[{"id":21713,"href":"https:\/\/nodedoll.com\/hu\/wp-json\/wp\/v2\/product\/20537\/revisions\/21713"}],"wp:featuredmedia":[{"embeddable":true,"href":"https:\/\/nodedoll.com\/hu\/wp-json\/wp\/v2\/media\/15950"}],"wp:attachment":[{"href":"https:\/\/nodedoll.com\/hu\/wp-json\/wp\/v2\/media?parent=20537"}],"wp:term":[{"taxonomy":"product_cat","embeddable":true,"href":"https:\/\/nodedoll.com\/hu\/wp-json\/wp\/v2\/product_cat?post=20537"},{"taxonomy":"product_tag","embeddable":true,"href":"https:\/\/nodedoll.com\/hu\/wp-json\/wp\/v2\/product_tag?post=20537"}],"curies":[{"name":"wp","href":"https:\/\/api.w.org\/{rel}","templated":true}]}}