{"id":20643,"date":"2024-04-22T12:31:25","date_gmt":"2024-04-22T12:31:25","guid":{"rendered":"https:\/\/aimdoll.com\/product\/african-american-real-teen-loli-sex-doll-88-cm\/"},"modified":"2024-05-06T07:05:04","modified_gmt":"2024-05-06T07:05:04","slug":"african-american-real-teen-loli-sex-doll-88-cm","status":"publish","type":"product","link":"https:\/\/nodedoll.com\/hu\/product\/afro-amerikai-igazi-tini-loli-szexbaba-88-cm\/","title":{"rendered":"Afro-amerikai igazi tini Loli szexbaba 88 cm"},"content":{"rendered":"<p>Az xvideos anya n\u00e9lk\u00fcli kisl\u00e1ny bab\u00e1ja fiatal szex sz\u00e1m\u00e1ra t\u00f6k\u00e9letes kieg\u00e9sz\u00edt\u0151je szerelmes j\u00e1t\u00e9kgy\u0171jtem\u00e9ny\u00e9nek. M\u00e9g akkor is nagyszer\u0171, ha k\u00f6zel laksz a szomsz\u00e9dokhoz, akik esetleg l\u00e1tj\u00e1k, \u00e9s arr\u00f3l besz\u00e9lnek, hogy olyan dolgokat l\u00e1tnak, amelyeket nem kellene n\u00e9zni\u00fck! De egy dolog a legjobb az eg\u00e9szben: megtal\u00e1lni ezt a Lolit, azt jelenti, hogy k\u00f6zelebbr\u0151l megn\u00e9zve a legnagyobb \u00e9lvezetet \u00e9lvezheti, mik\u00f6zben aranyos gyermeki akci\u00f3kat n\u00e9zhet a j\u00e1t\u00e9kban. Ez a j\u00e1t\u00e9k kicsi, de sz\u00f3rakoztat\u00f3, 88 cm-es. Haszn\u00e1lhatod minden nagy \u00e1lmod megval\u00f3s\u00edt\u00e1s\u00e1hoz, mert val\u00f3s\u00e1gosnak t\u0171nik, \u00e9s odafigyel a r\u00e9szletekre.<\/p>\n<p>A kiv\u00e1l\u00f3 min\u0151s\u00e9g\u0171 TPE anyagb\u00f3l k\u00e9sz\u00fclt, \u00e9letnagys\u00e1g\u00fa fi\u00fa szexbab\u00e1ink val\u00f3diak \u00e9s puh\u00e1k. Nagyon k\u00f6zeli m\u00f3don ny\u00fajtanak cs\u00facsizgalmat. Szakk\u00e9pzett munk\u00e1val \u00e9s r\u00e9szletgazdag arcokkal a tin\u00e9dzser bab\u00e1s vide\u00f3nk a tisztas\u00e1g \u00e9s a b\u00e1j t\u00f6k\u00e9letes kever\u00e9k\u00e9t mutatja be. J\u00e1t\u00e9kos, de cs\u00e1b\u00edt\u00f3 m\u00f3don megragadja, amit szeretne.<\/p>\n<p>\u00c9lvezzen ki mindenf\u00e9le lehet\u0151s\u00e9get, amikor k\u00fcl\u00f6nf\u00e9le m\u00f3dokat \u00e9s be\u00e1ll\u00edt\u00e1sokat pr\u00f3b\u00e1l ki ezzel az alkalmazkod\u00f3 haverral. Mindig ott van, hogy megfeleljen a v\u00e1gyainak. Csak a legjobbat v\u00e1lassza boldogs\u00e1g\u00e1nak \u2013 v\u00e1lasszon igazi afro-amerikai tinimell\u0171 feln\u0151tt j\u00e1t\u00e9kot.<\/p>\n<p>&nbsp;<\/p>\n\t\t<div data-elementor-type=\"section\" data-elementor-id=\"15956\" class=\"elementor elementor-15956\" data-elementor-post-type=\"elementor_library\">\n\t\t\t<div class=\"wd-negative-gap elementor-element elementor-element-e744d45 e-flex e-con-boxed e-con e-parent\" data-id=\"e744d45\" data-element_type=\"container\">\n\t\t\t\t\t<div class=\"e-con-inner\">\n\t\t<div class=\"wd-negative-gap elementor-element elementor-element-2abc4734 e-flex e-con-boxed e-con e-child\" data-id=\"2abc4734\" data-element_type=\"container\">\n\t\t\t\t\t<div class=\"e-con-inner\">\n\t\t<div class=\"wd-negative-gap elementor-element elementor-element-e4e90d0 e-flex e-con-boxed e-con e-child\" data-id=\"e4e90d0\" data-element_type=\"container\">\n\t\t\t\t\t<div class=\"e-con-inner\">\n\t\t\t\t<div class=\"elementor-element elementor-element-2191b1a4 elementor-cta--skin-cover elementor-animated-content elementor-bg-transform elementor-bg-transform-zoom-in elementor-widget elementor-widget-call-to-action\" data-id=\"2191b1a4\" data-element_type=\"widget\" data-widget_type=\"call-to-action.default\">\n\t\t\t\t<div class=\"elementor-widget-container\">\n\t\t\t\t\t<a class=\"elementor-cta\" href=\"https:\/\/nodedoll.com\/hu\/szex-baba-kepek\/\">\n\t\t\t\t\t<div class=\"elementor-cta__bg-wrapper\">\n\t\t\t\t<div class=\"elementor-cta__bg elementor-bg\" style=\"background-image: url(https:\/\/nodedoll.com\/wp-content\/uploads\/2024\/04\/redirect.jpg);\" role=\"img\" aria-label=\"\u00e1tir\u00e1ny\u00edt\u00e1s\"><\/div>\n\t\t\t\t<div class=\"elementor-cta__bg-overlay\"><\/div>\n\t\t\t<\/div>\n\t\t\t\t\t\t\t<div class=\"elementor-cta__content\">\n\t\t\t\t\n\t\t\t\t\t\t\t\t\t<h2 class=\"elementor-cta__title elementor-cta__content-item elementor-content-item elementor-animated-item--grow\">\n\t\t\t\t\t\t2500+ kis mini szexbaba <\/br>sexdollxxx .com\t\t\t\t\t<\/h2>\n\t\t\t\t\n\t\t\t\t\t\t\t\t\t<div class=\"elementor-cta__description elementor-cta__content-item elementor-content-item elementor-animated-item--grow\">\n\t\t\t\t\t\t40 cm, 60 cm, 80 cm, 100 cm, 120 cm, 140 cm\t\t\t\t\t<\/div>\n\t\t\t\t\n\t\t\t\t\t\t\t\t\t<div class=\"elementor-cta__button-wrapper elementor-cta__content-item elementor-content-item elementor-animated-item--grow\">\n\t\t\t\t\t<span class=\"elementor-cta__button elementor-button elementor-size-md\">\n\t\t\t\t\t\tV\u00e1s\u00e1rolj most\t\t\t\t\t<\/span>\n\t\t\t\t\t<\/div>\n\t\t\t\t\t\t\t<\/div>\n\t\t\t\t\t\t<\/a>\n\t\t\t\t<\/div>\n\t\t\t\t<\/div>\n\t\t\t\t\t<\/div>\n\t\t\t\t<\/div>\n\t\t\t\t\t<\/div>\n\t\t\t\t<\/div>\n\t\t\t\t\t<\/div>\n\t\t\t\t<\/div>\n\t\t\t\t<\/div>","protected":false},"excerpt":{"rendered":"<div data-elementor-type=\"section\" data-elementor-id=\"15952\" class=\"elementor elementor-15952\" data-elementor-post-type=\"elementor_library\">\n<div class=\"wd-negative-gap elementor-element elementor-element-49f97e26 e-flex e-con-boxed e-con e-parent\" data-id=\"49f97e26\" data-element_type=\"container\">\n<div class=\"e-con-inner\">\n<div class=\"wd-negative-gap elementor-element elementor-element-449b9556 e-flex e-con-boxed e-con e-child\" data-id=\"449b9556\" data-element_type=\"container\">\n<div class=\"e-con-inner\">\n<div class=\"elementor-element elementor-element-613a7c10 elementor-cta--skin-cover elementor-animated-content elementor-bg-transform elementor-bg-transform-zoom-in elementor-widget elementor-widget-call-to-action\" data-id=\"613a7c10\" data-element_type=\"widget\" data-widget_type=\"call-to-action.default\">\n<div class=\"elementor-widget-container\">\n\t\t\t<link rel=\"stylesheet\" href=\"https:\/\/nodedoll.com\/wp-content\/uploads\/elementor\/css\/custom-pro-widget-call-to-action.min.css?ver=1716105850\">\t\t<a class=\"elementor-cta\" href=\"https:\/\/nodedoll.com\/hu\/szex-baba-kepek\/\"><\/p>\n<div class=\"elementor-cta__bg-wrapper\">\n<div class=\"elementor-cta__bg elementor-bg\" style=\"background-image: url(https:\/\/nodedoll.com\/wp-content\/uploads\/2024\/04\/redirect-1.jpg);\" role=\"img\" aria-label=\"redirect.jpg\"><\/div>\n<div class=\"elementor-cta__bg-overlay\"><\/div>\n<\/p><\/div>\n<div class=\"elementor-cta__content\">\n<h2 class=\"elementor-cta__title elementor-cta__content-item elementor-content-item elementor-animated-item--grow\">\n\t\t\t\t\t\t2500+ kis mini szexbaba <\/br>sexdollxxx .com\t\t\t\t\t<\/h2>\n<div class=\"elementor-cta__description elementor-cta__content-item elementor-content-item elementor-animated-item--grow\">\n\t\t\t\t\t\t40 cm, 60 cm, 80 cm, 100 cm, 120 cm, 140 cm\t\t\t\t\t<\/div>\n<div class=\"elementor-cta__button-wrapper elementor-cta__content-item elementor-content-item elementor-animated-item--grow\">\n\t\t\t\t\t<span class=\"elementor-cta__button elementor-button elementor-size-md\"><br \/>\n\t\t\t\t\t\tV\u00e1s\u00e1rolj most\t\t\t\t\t<\/span>\n\t\t\t\t\t<\/div>\n<\/p><\/div>\n<p>\t\t\t\t\t\t<\/a>\n\t\t\t\t<\/div>\n<\/p><\/div>\n<\/p><\/div>\n<\/p><\/div>\n<\/p><\/div>\n<\/p><\/div>\n<\/p><\/div>","protected":false},"featured_media":15950,"comment_status":"closed","ping_status":"closed","template":"","meta":[],"product_cat":[771,770,802],"product_tag":[],"aioseo_notices":[],"_links":{"self":[{"href":"https:\/\/nodedoll.com\/hu\/wp-json\/wp\/v2\/product\/20643"}],"collection":[{"href":"https:\/\/nodedoll.com\/hu\/wp-json\/wp\/v2\/product"}],"about":[{"href":"https:\/\/nodedoll.com\/hu\/wp-json\/wp\/v2\/types\/product"}],"replies":[{"embeddable":true,"href":"https:\/\/nodedoll.com\/hu\/wp-json\/wp\/v2\/comments?post=20643"}],"version-history":[{"count":1,"href":"https:\/\/nodedoll.com\/hu\/wp-json\/wp\/v2\/product\/20643\/revisions"}],"predecessor-version":[{"id":20644,"href":"https:\/\/nodedoll.com\/hu\/wp-json\/wp\/v2\/product\/20643\/revisions\/20644"}],"wp:featuredmedia":[{"embeddable":true,"href":"https:\/\/nodedoll.com\/hu\/wp-json\/wp\/v2\/media\/15950"}],"wp:attachment":[{"href":"https:\/\/nodedoll.com\/hu\/wp-json\/wp\/v2\/media?parent=20643"}],"wp:term":[{"taxonomy":"product_cat","embeddable":true,"href":"https:\/\/nodedoll.com\/hu\/wp-json\/wp\/v2\/product_cat?post=20643"},{"taxonomy":"product_tag","embeddable":true,"href":"https:\/\/nodedoll.com\/hu\/wp-json\/wp\/v2\/product_tag?post=20643"}],"curies":[{"name":"wp","href":"https:\/\/api.w.org\/{rel}","templated":true}]}}