{"id":20659,"date":"2024-04-22T12:31:25","date_gmt":"2024-04-22T12:31:25","guid":{"rendered":"https:\/\/aimdoll.com\/product\/100cm-mini-love-doll-shemale-tpe-bbw\/"},"modified":"2024-05-06T07:00:05","modified_gmt":"2024-05-06T07:00:05","slug":"100cm-mini-love-doll-shemale-tpe-bbw","status":"publish","type":"product","link":"https:\/\/nodedoll.com\/hu\/product\/100-cm-es-mini-szerelmes-baba-shemale-tpe-bbw\/","title":{"rendered":"100 cm-es mini szerelmes baba shemale tpe bbw"},"content":{"rendered":"<p>Ez a legjobb bar\u00e1t azoknak, akik a legnagyobb \u00e1lmaikat szeretn\u00e9k val\u00f3ra v\u00e1ltani \u2013 egy kis bbw szerelmi bab\u00e1t \u00e9s egy 100 cm-es transznem\u0171 szeret\u0151 bab\u00e1t. Az igaz\u00e1n j\u00f3 dolgok, a gondos munka \u00e9s a val\u00f3di megjelen\u00e9s csod\u00e1latos kever\u00e9ke teszi ezeket a bab\u00e1kat k\u00f6telez\u0151v\u00e9 a feln\u0151tt j\u00e1t\u00e9ktulajdonosok sz\u00e1m\u00e1ra.<\/p>\n<p>Nagyon gondosan, nagy odafigyel\u00e9ssel k\u00e9sz\u00fclt, kis 100 cm-es szerelmes j\u00e1t\u00e9kunk nagy \u00e9s g\u00f6mb\u00f6lyded. Nagy form\u00e1i vannak, amelyek biztosan boldogg\u00e1 tesznek! Aki pedig a norm\u00e1l szab\u00e1lyokn\u00e1l t\u00f6bbre v\u00e1gyik, annak a mi kis shemale szerelmi j\u00e1t\u00e9kunk k\u00fcl\u00f6nleges \u00e9rz\u00e9st ad t\u00f6k\u00e9letes testm\u00e9ret\u00e9vel, amit k\u00e9pzett \u00e9p\u00edt\u0151k k\u00e9sz\u00edtettek.<\/p>\n<p>Mindk\u00e9t bab\u00e1nak val\u00f3di b\u0151rszerkezete van. K\u00fcl\u00f6nb\u00f6z\u0151 m\u00f3don hajolhatnak olyan tev\u00e9kenys\u00e9gekhez, mint az or\u00e1lis vagy vagin\u00e1lis szex, ami egyed\u00fcl\u00e1ll\u00f3, k\u00f6zeli \u00e9lm\u00e9nyt ny\u00fajt minden haszn\u00e1latuk alkalm\u00e1val. Ez a szilikon anyagb\u00f3l k\u00e9sz\u00fclt j\u00e1t\u00e9k val\u00f3di b\u0151rnek \u00e9rzi mag\u00e1t, de biztons\u00e1gos \u00e9s nem okoz allergi\u00e1t. Ezenk\u00edv\u00fcl nagyszer\u0171 sz\u00f3rakoz\u00e1st ny\u00fajt minden biztons\u00e1gi probl\u00e9ma n\u00e9lk\u00fcl.<\/p>\n<p>Jav\u00edtsa szem\u00e9lyes sz\u00f3rakoz\u00e1s\u00e1t m\u00e9g ma a 100 cm-es kis szerelmes bab\u00e1k \u00e9s mini transzszexu\u00e1lis bab\u00e1k nagyszer\u0171 v\u00e1laszt\u00e9k\u00e1val. Korl\u00e1tlan felfedez\u00e9si lehet\u0151s\u00e9geket k\u00edn\u00e1lnak, mik\u00f6zben olcs\u00f3k! Szerezd meg a ti\u00e9det most, miel\u0151tt mind elfogy!<\/p>\n<p>&nbsp;<\/p>\n\t\t<div data-elementor-type=\"section\" data-elementor-id=\"15956\" class=\"elementor elementor-15956\" data-elementor-post-type=\"elementor_library\">\n\t\t\t<div class=\"wd-negative-gap elementor-element elementor-element-e744d45 e-flex e-con-boxed e-con e-parent\" data-id=\"e744d45\" data-element_type=\"container\">\n\t\t\t\t\t<div class=\"e-con-inner\">\n\t\t<div class=\"wd-negative-gap elementor-element elementor-element-2abc4734 e-flex e-con-boxed e-con e-child\" data-id=\"2abc4734\" data-element_type=\"container\">\n\t\t\t\t\t<div class=\"e-con-inner\">\n\t\t<div class=\"wd-negative-gap elementor-element elementor-element-e4e90d0 e-flex e-con-boxed e-con e-child\" data-id=\"e4e90d0\" data-element_type=\"container\">\n\t\t\t\t\t<div class=\"e-con-inner\">\n\t\t\t\t<div class=\"elementor-element elementor-element-2191b1a4 elementor-cta--skin-cover elementor-animated-content elementor-bg-transform elementor-bg-transform-zoom-in elementor-widget elementor-widget-call-to-action\" data-id=\"2191b1a4\" data-element_type=\"widget\" data-widget_type=\"call-to-action.default\">\n\t\t\t\t<div class=\"elementor-widget-container\">\n\t\t\t\t\t<a class=\"elementor-cta\" href=\"https:\/\/nodedoll.com\/hu\/szex-baba-kepek\/\">\n\t\t\t\t\t<div class=\"elementor-cta__bg-wrapper\">\n\t\t\t\t<div class=\"elementor-cta__bg elementor-bg\" style=\"background-image: url(https:\/\/nodedoll.com\/wp-content\/uploads\/2024\/04\/redirect.jpg);\" role=\"img\" aria-label=\"\u00e1tir\u00e1ny\u00edt\u00e1s\"><\/div>\n\t\t\t\t<div class=\"elementor-cta__bg-overlay\"><\/div>\n\t\t\t<\/div>\n\t\t\t\t\t\t\t<div class=\"elementor-cta__content\">\n\t\t\t\t\n\t\t\t\t\t\t\t\t\t<h2 class=\"elementor-cta__title elementor-cta__content-item elementor-content-item elementor-animated-item--grow\">\n\t\t\t\t\t\t2500+ kis mini szexbaba <\/br>sexdollxxx .com\t\t\t\t\t<\/h2>\n\t\t\t\t\n\t\t\t\t\t\t\t\t\t<div class=\"elementor-cta__description elementor-cta__content-item elementor-content-item elementor-animated-item--grow\">\n\t\t\t\t\t\t40 cm, 60 cm, 80 cm, 100 cm, 120 cm, 140 cm\t\t\t\t\t<\/div>\n\t\t\t\t\n\t\t\t\t\t\t\t\t\t<div class=\"elementor-cta__button-wrapper elementor-cta__content-item elementor-content-item elementor-animated-item--grow\">\n\t\t\t\t\t<span class=\"elementor-cta__button elementor-button elementor-size-md\">\n\t\t\t\t\t\tV\u00e1s\u00e1rolj most\t\t\t\t\t<\/span>\n\t\t\t\t\t<\/div>\n\t\t\t\t\t\t\t<\/div>\n\t\t\t\t\t\t<\/a>\n\t\t\t\t<\/div>\n\t\t\t\t<\/div>\n\t\t\t\t\t<\/div>\n\t\t\t\t<\/div>\n\t\t\t\t\t<\/div>\n\t\t\t\t<\/div>\n\t\t\t\t\t<\/div>\n\t\t\t\t<\/div>\n\t\t\t\t<\/div>","protected":false},"excerpt":{"rendered":"<div data-elementor-type=\"section\" data-elementor-id=\"15952\" class=\"elementor elementor-15952\" data-elementor-post-type=\"elementor_library\">\n<div class=\"wd-negative-gap elementor-element elementor-element-49f97e26 e-flex e-con-boxed e-con e-parent\" data-id=\"49f97e26\" data-element_type=\"container\">\n<div class=\"e-con-inner\">\n<div class=\"wd-negative-gap elementor-element elementor-element-449b9556 e-flex e-con-boxed e-con e-child\" data-id=\"449b9556\" data-element_type=\"container\">\n<div class=\"e-con-inner\">\n<div class=\"elementor-element elementor-element-613a7c10 elementor-cta--skin-cover elementor-animated-content elementor-bg-transform elementor-bg-transform-zoom-in elementor-widget elementor-widget-call-to-action\" data-id=\"613a7c10\" data-element_type=\"widget\" data-widget_type=\"call-to-action.default\">\n<div class=\"elementor-widget-container\">\n\t\t\t<link rel=\"stylesheet\" href=\"https:\/\/nodedoll.com\/wp-content\/uploads\/elementor\/css\/custom-pro-widget-call-to-action.min.css?ver=1716105850\">\t\t<a class=\"elementor-cta\" href=\"https:\/\/nodedoll.com\/hu\/szex-baba-kepek\/\"><\/p>\n<div class=\"elementor-cta__bg-wrapper\">\n<div class=\"elementor-cta__bg elementor-bg\" style=\"background-image: url(https:\/\/nodedoll.com\/wp-content\/uploads\/2024\/04\/redirect-1.jpg);\" role=\"img\" aria-label=\"redirect.jpg\"><\/div>\n<div class=\"elementor-cta__bg-overlay\"><\/div>\n<\/p><\/div>\n<div class=\"elementor-cta__content\">\n<h2 class=\"elementor-cta__title elementor-cta__content-item elementor-content-item elementor-animated-item--grow\">\n\t\t\t\t\t\t2500+ kis mini szexbaba <\/br>sexdollxxx .com\t\t\t\t\t<\/h2>\n<div class=\"elementor-cta__description elementor-cta__content-item elementor-content-item elementor-animated-item--grow\">\n\t\t\t\t\t\t40 cm, 60 cm, 80 cm, 100 cm, 120 cm, 140 cm\t\t\t\t\t<\/div>\n<div class=\"elementor-cta__button-wrapper elementor-cta__content-item elementor-content-item elementor-animated-item--grow\">\n\t\t\t\t\t<span class=\"elementor-cta__button elementor-button elementor-size-md\"><br \/>\n\t\t\t\t\t\tV\u00e1s\u00e1rolj most\t\t\t\t\t<\/span>\n\t\t\t\t\t<\/div>\n<\/p><\/div>\n<p>\t\t\t\t\t\t<\/a>\n\t\t\t\t<\/div>\n<\/p><\/div>\n<\/p><\/div>\n<\/p><\/div>\n<\/p><\/div>\n<\/p><\/div>\n<\/p><\/div>","protected":false},"featured_media":15950,"comment_status":"closed","ping_status":"closed","template":"","meta":[],"product_cat":[802,798,773],"product_tag":[],"aioseo_notices":[],"_links":{"self":[{"href":"https:\/\/nodedoll.com\/hu\/wp-json\/wp\/v2\/product\/20659"}],"collection":[{"href":"https:\/\/nodedoll.com\/hu\/wp-json\/wp\/v2\/product"}],"about":[{"href":"https:\/\/nodedoll.com\/hu\/wp-json\/wp\/v2\/types\/product"}],"replies":[{"embeddable":true,"href":"https:\/\/nodedoll.com\/hu\/wp-json\/wp\/v2\/comments?post=20659"}],"version-history":[{"count":1,"href":"https:\/\/nodedoll.com\/hu\/wp-json\/wp\/v2\/product\/20659\/revisions"}],"predecessor-version":[{"id":20660,"href":"https:\/\/nodedoll.com\/hu\/wp-json\/wp\/v2\/product\/20659\/revisions\/20660"}],"wp:featuredmedia":[{"embeddable":true,"href":"https:\/\/nodedoll.com\/hu\/wp-json\/wp\/v2\/media\/15950"}],"wp:attachment":[{"href":"https:\/\/nodedoll.com\/hu\/wp-json\/wp\/v2\/media?parent=20659"}],"wp:term":[{"taxonomy":"product_cat","embeddable":true,"href":"https:\/\/nodedoll.com\/hu\/wp-json\/wp\/v2\/product_cat?post=20659"},{"taxonomy":"product_tag","embeddable":true,"href":"https:\/\/nodedoll.com\/hu\/wp-json\/wp\/v2\/product_tag?post=20659"}],"curies":[{"name":"wp","href":"https:\/\/api.w.org\/{rel}","templated":true}]}}