{"id":20671,"date":"2024-04-22T12:31:28","date_gmt":"2024-04-22T12:31:28","guid":{"rendered":"https:\/\/aimdoll.com\/product\/100cm-miniature-sex-doll-very-young-porn\/"},"modified":"2024-05-06T06:56:01","modified_gmt":"2024-05-06T06:56:01","slug":"100cm-miniature-sex-doll-very-young-porn","status":"publish","type":"product","link":"https:\/\/nodedoll.com\/hu\/product\/100-cm-es-miniatur-szexbaba-nagyon-fiatal-porno\/","title":{"rendered":"100 cm-es miniat\u0171r szexbaba nagyon fiatal porn\u00f3"},"content":{"rendered":"<p>Tal\u00e1lkozz a vad \u00e1lmaid legjobb bar\u00e1tj\u00e1val \u2013 egy 100 cm-es lapos mellkas\u00fa baba szexet, amelyet kis mell\u0171 szerelmi j\u00e1t\u00e9knak is neveznek. Ez a k\u00fcl\u00f6nleges elem gondosan k\u00e9zzel k\u00e9sz\u00fclt, hogy az \u00f6r\u00f6m \u00e9s a bar\u00e1ts\u00e1g egyed\u00fcl\u00e1ll\u00f3 \u00e9rz\u00e9s\u00e9t adja. A j\u00f3 TPE anyagb\u00f3l k\u00e9sz\u00fclt szerelmes baba nagyon val\u00f3s\u00e1gos \u00e9s gy\u00f6ny\u00f6r\u0171. Nagyon meg fog lepni. Kis, mind\u00f6ssze 100 cm-es m\u00e9rete \u00e9s k\u00f6nny\u0171 mellkasa ide\u00e1lis azok sz\u00e1m\u00e1ra, akik kisebb v\u00e1ltozatot szeretn\u00e9nek, an\u00e9lk\u00fcl, hogy feladn\u00e1k a k\u00f6zels\u00e9get vagy az \u00e9lvezetet.<\/p>\n<p>Szakk\u00e9pzett munkav\u00e1llal\u00f3i csapatunk minden r\u00e9szletet alaposan megvizsg\u00e1lt annak \u00e9rdek\u00e9ben, hogy a dolgok val\u00f3dinak t\u0171njenek \u00e9s j\u00f3l m\u0171k\u00f6djenek. A hajl\u00edtott r\u00e9szek lehet\u0151v\u00e9 teszik, hogy sok p\u00f3zt csin\u00e1lj, \u00e9s a ny\u00f6g\u00e9si zajok val\u00f3div\u00e1 teszik a mag\u00e1n\u00e9letedet ezzel a vonz\u00f3 szem\u00e9llyel. Kis m\u00e9rete megk\u00f6nny\u00edti a t\u00e1rol\u00e1st, de m\u00e9g mindig nem vesz\u00edt a min\u0151s\u00e9gb\u0151l vagy a sz\u00edv\u00f3ss\u00e1gb\u00f3l.<\/p>\n<p>\u00c9lvezze a tiszta boldogs\u00e1got a 39 h\u00fcvelykes lapos mellkas\u00fa babaj\u00e1t\u00e9kunkkal, amely b\u00e1rmikor \u00e9s b\u00e1rhol megfelel az \u00d6n ig\u00e9nyeinek. Rendelje meg most, \u00e9s megtudja, mi\u00e9rt v\u00e1lasztottak t\u00f6bb ezren minket a legjobb v\u00e1laszt\u00e1snak a csod\u00e1latos feln\u0151tt j\u00e1t\u00e9kokhoz.<\/p>\n<p>&nbsp;<\/p>\n\t\t<div data-elementor-type=\"section\" data-elementor-id=\"15956\" class=\"elementor elementor-15956\" data-elementor-post-type=\"elementor_library\">\n\t\t\t<div class=\"wd-negative-gap elementor-element elementor-element-e744d45 e-flex e-con-boxed e-con e-parent\" data-id=\"e744d45\" data-element_type=\"container\">\n\t\t\t\t\t<div class=\"e-con-inner\">\n\t\t<div class=\"wd-negative-gap elementor-element elementor-element-2abc4734 e-flex e-con-boxed e-con e-child\" data-id=\"2abc4734\" data-element_type=\"container\">\n\t\t\t\t\t<div class=\"e-con-inner\">\n\t\t<div class=\"wd-negative-gap elementor-element elementor-element-e4e90d0 e-flex e-con-boxed e-con e-child\" data-id=\"e4e90d0\" data-element_type=\"container\">\n\t\t\t\t\t<div class=\"e-con-inner\">\n\t\t\t\t<div class=\"elementor-element elementor-element-2191b1a4 elementor-cta--skin-cover elementor-animated-content elementor-bg-transform elementor-bg-transform-zoom-in elementor-widget elementor-widget-call-to-action\" data-id=\"2191b1a4\" data-element_type=\"widget\" data-widget_type=\"call-to-action.default\">\n\t\t\t\t<div class=\"elementor-widget-container\">\n\t\t\t\t\t<a class=\"elementor-cta\" href=\"https:\/\/nodedoll.com\/hu\/szex-baba-kepek\/\">\n\t\t\t\t\t<div class=\"elementor-cta__bg-wrapper\">\n\t\t\t\t<div class=\"elementor-cta__bg elementor-bg\" style=\"background-image: url(https:\/\/nodedoll.com\/wp-content\/uploads\/2024\/04\/redirect.jpg);\" role=\"img\" aria-label=\"\u00e1tir\u00e1ny\u00edt\u00e1s\"><\/div>\n\t\t\t\t<div class=\"elementor-cta__bg-overlay\"><\/div>\n\t\t\t<\/div>\n\t\t\t\t\t\t\t<div class=\"elementor-cta__content\">\n\t\t\t\t\n\t\t\t\t\t\t\t\t\t<h2 class=\"elementor-cta__title elementor-cta__content-item elementor-content-item elementor-animated-item--grow\">\n\t\t\t\t\t\t2500+ kis mini szexbaba <\/br>sexdollxxx .com\t\t\t\t\t<\/h2>\n\t\t\t\t\n\t\t\t\t\t\t\t\t\t<div class=\"elementor-cta__description elementor-cta__content-item elementor-content-item elementor-animated-item--grow\">\n\t\t\t\t\t\t40 cm, 60 cm, 80 cm, 100 cm, 120 cm, 140 cm\t\t\t\t\t<\/div>\n\t\t\t\t\n\t\t\t\t\t\t\t\t\t<div class=\"elementor-cta__button-wrapper elementor-cta__content-item elementor-content-item elementor-animated-item--grow\">\n\t\t\t\t\t<span class=\"elementor-cta__button elementor-button elementor-size-md\">\n\t\t\t\t\t\tV\u00e1s\u00e1rolj most\t\t\t\t\t<\/span>\n\t\t\t\t\t<\/div>\n\t\t\t\t\t\t\t<\/div>\n\t\t\t\t\t\t<\/a>\n\t\t\t\t<\/div>\n\t\t\t\t<\/div>\n\t\t\t\t\t<\/div>\n\t\t\t\t<\/div>\n\t\t\t\t\t<\/div>\n\t\t\t\t<\/div>\n\t\t\t\t\t<\/div>\n\t\t\t\t<\/div>\n\t\t\t\t<\/div>","protected":false},"excerpt":{"rendered":"<div data-elementor-type=\"section\" data-elementor-id=\"15952\" class=\"elementor elementor-15952\" data-elementor-post-type=\"elementor_library\">\n<div class=\"wd-negative-gap elementor-element elementor-element-49f97e26 e-flex e-con-boxed e-con e-parent\" data-id=\"49f97e26\" data-element_type=\"container\">\n<div class=\"e-con-inner\">\n<div class=\"wd-negative-gap elementor-element elementor-element-449b9556 e-flex e-con-boxed e-con e-child\" data-id=\"449b9556\" data-element_type=\"container\">\n<div class=\"e-con-inner\">\n<div class=\"elementor-element elementor-element-613a7c10 elementor-cta--skin-cover elementor-animated-content elementor-bg-transform elementor-bg-transform-zoom-in elementor-widget elementor-widget-call-to-action\" data-id=\"613a7c10\" data-element_type=\"widget\" data-widget_type=\"call-to-action.default\">\n<div class=\"elementor-widget-container\">\n\t\t\t<link rel=\"stylesheet\" href=\"https:\/\/nodedoll.com\/wp-content\/uploads\/elementor\/css\/custom-pro-widget-call-to-action.min.css?ver=1716105850\">\t\t<a class=\"elementor-cta\" href=\"https:\/\/nodedoll.com\/hu\/szex-baba-kepek\/\"><\/p>\n<div class=\"elementor-cta__bg-wrapper\">\n<div class=\"elementor-cta__bg elementor-bg\" style=\"background-image: url(https:\/\/nodedoll.com\/wp-content\/uploads\/2024\/04\/redirect-1.jpg);\" role=\"img\" aria-label=\"redirect.jpg\"><\/div>\n<div class=\"elementor-cta__bg-overlay\"><\/div>\n<\/p><\/div>\n<div class=\"elementor-cta__content\">\n<h2 class=\"elementor-cta__title elementor-cta__content-item elementor-content-item elementor-animated-item--grow\">\n\t\t\t\t\t\t2500+ kis mini szexbaba <\/br>sexdollxxx .com\t\t\t\t\t<\/h2>\n<div class=\"elementor-cta__description elementor-cta__content-item elementor-content-item elementor-animated-item--grow\">\n\t\t\t\t\t\t40 cm, 60 cm, 80 cm, 100 cm, 120 cm, 140 cm\t\t\t\t\t<\/div>\n<div class=\"elementor-cta__button-wrapper elementor-cta__content-item elementor-content-item elementor-animated-item--grow\">\n\t\t\t\t\t<span class=\"elementor-cta__button elementor-button elementor-size-md\"><br \/>\n\t\t\t\t\t\tV\u00e1s\u00e1rolj most\t\t\t\t\t<\/span>\n\t\t\t\t\t<\/div>\n<\/p><\/div>\n<p>\t\t\t\t\t\t<\/a>\n\t\t\t\t<\/div>\n<\/p><\/div>\n<\/p><\/div>\n<\/p><\/div>\n<\/p><\/div>\n<\/p><\/div>\n<\/p><\/div>","protected":false},"featured_media":15950,"comment_status":"closed","ping_status":"closed","template":"","meta":[],"product_cat":[804,796,803],"product_tag":[],"aioseo_notices":[],"_links":{"self":[{"href":"https:\/\/nodedoll.com\/hu\/wp-json\/wp\/v2\/product\/20671"}],"collection":[{"href":"https:\/\/nodedoll.com\/hu\/wp-json\/wp\/v2\/product"}],"about":[{"href":"https:\/\/nodedoll.com\/hu\/wp-json\/wp\/v2\/types\/product"}],"replies":[{"embeddable":true,"href":"https:\/\/nodedoll.com\/hu\/wp-json\/wp\/v2\/comments?post=20671"}],"version-history":[{"count":1,"href":"https:\/\/nodedoll.com\/hu\/wp-json\/wp\/v2\/product\/20671\/revisions"}],"predecessor-version":[{"id":20672,"href":"https:\/\/nodedoll.com\/hu\/wp-json\/wp\/v2\/product\/20671\/revisions\/20672"}],"wp:featuredmedia":[{"embeddable":true,"href":"https:\/\/nodedoll.com\/hu\/wp-json\/wp\/v2\/media\/15950"}],"wp:attachment":[{"href":"https:\/\/nodedoll.com\/hu\/wp-json\/wp\/v2\/media?parent=20671"}],"wp:term":[{"taxonomy":"product_cat","embeddable":true,"href":"https:\/\/nodedoll.com\/hu\/wp-json\/wp\/v2\/product_cat?post=20671"},{"taxonomy":"product_tag","embeddable":true,"href":"https:\/\/nodedoll.com\/hu\/wp-json\/wp\/v2\/product_tag?post=20671"}],"curies":[{"name":"wp","href":"https:\/\/api.w.org\/{rel}","templated":true}]}}