{"id":20693,"date":"2024-04-22T12:31:28","date_gmt":"2024-04-22T12:31:28","guid":{"rendered":"https:\/\/aimdoll.com\/product\/165-cm-k-cup-sex-doll-small-teen-jezebel\/"},"modified":"2024-05-06T06:49:12","modified_gmt":"2024-05-06T06:49:12","slug":"165-cm-k-cup-sex-doll-small-teen-jezebel","status":"publish","type":"product","link":"https:\/\/nodedoll.com\/hu\/product\/165-cm-k-cup-sex-baba-kis-tini-jezebel\/","title":{"rendered":"165 cm-es k-cup szexbaba kis tin\u00e9dzser Jezebel"},"content":{"rendered":"<p>165 cm Jezebel egy gy\u00f6ny\u00f6r\u0171 \u00e9s szexi jap\u00e1n megjelen\u00e9s\u0171 fiatal l\u00e1ny szexbaba. Ez a feln\u0151tt, 165 cm magas szexbaba tin\u00e9dzser fi\u00faknak k\u00e9sz\u00fclt, nagyon j\u00f3l fel\u00e9p\u00edtett. T\u00f6k\u00e9letes, hogy a lehet\u0151 legnagyobb \u00f6r\u00f6met ny\u00fajtsa neked. J\u00f3 szilikon anyagb\u00f3l k\u00e9sz\u00fclt, amely puha \u00e9s val\u00f3di, minden \u00e9rint\u00e9s elk\u00e1pr\u00e1ztat, milyen k\u00f6zel \u00e1llnak a kis bangla szexbab\u00e1khoz.<\/p>\n<p>&nbsp;<\/p>\n<p>A Sakura haruno naruto apr\u00f3 szexbaba sz\u00e9p arcr\u00e9szletekkel \u00e9s \u00edvekkel rendelkezik, amelyek elb\u0171v\u00f6l\u0151v\u00e9 teszik. T\u00f6k\u00e9letes az \u00e1lmok \u00e9letre kelt\u00e9s\u00e9re. Jezebel nem egy \u00e1tlagos szexj\u00e1t\u00e9k \u2013 olyan val\u00f3di \u00e9rz\u00e9st kelt, amire senki m\u00e1s nem k\u00e9pes. Hajl\u00edtott \u00edz\u00fcletei lehet\u0151v\u00e9 teszik, hogy sokf\u00e9le p\u00f3zt csin\u00e1ljon. Belsej\u00e9ben er\u0151s f\u00e9mkeret van, amely megb\u00edzhat\u00f3v\u00e1 \u00e9s biztons\u00e1goss\u00e1 teszi a k\u00f6zeli pillanatokban. \u00c9lvezze az \u00f6r\u00f6met, amikor meg\u00e9rinti \u00e9des test\u00e9nek minden r\u00e9sz\u00e9t.<\/p>\n<p>Tal\u00e1ljon sok es\u00e9lyt a Jezebellel, ha egy szeretettel \u00e9s \u00e9lvezettel teli utaz\u00e1sra indul, ellent\u00e9tben a mai piacon semmi m\u00e1ssal. Ne hagyd abba, hogy \u00e9lvezd ezt a csod\u00e1latos m\u0171v\u00e9szetet, amely teljesen \u00faj szintre emeli a szex ir\u00e1nti v\u00e1gyat.<\/p>\n<p>&nbsp;<\/p>\n\t\t<div data-elementor-type=\"section\" data-elementor-id=\"15956\" class=\"elementor elementor-15956\" data-elementor-post-type=\"elementor_library\">\n\t\t\t<div class=\"wd-negative-gap elementor-element elementor-element-e744d45 e-flex e-con-boxed e-con e-parent\" data-id=\"e744d45\" data-element_type=\"container\">\n\t\t\t\t\t<div class=\"e-con-inner\">\n\t\t<div class=\"wd-negative-gap elementor-element elementor-element-2abc4734 e-flex e-con-boxed e-con e-child\" data-id=\"2abc4734\" data-element_type=\"container\">\n\t\t\t\t\t<div class=\"e-con-inner\">\n\t\t<div class=\"wd-negative-gap elementor-element elementor-element-e4e90d0 e-flex e-con-boxed e-con e-child\" data-id=\"e4e90d0\" data-element_type=\"container\">\n\t\t\t\t\t<div class=\"e-con-inner\">\n\t\t\t\t<div class=\"elementor-element elementor-element-2191b1a4 elementor-cta--skin-cover elementor-animated-content elementor-bg-transform elementor-bg-transform-zoom-in elementor-widget elementor-widget-call-to-action\" data-id=\"2191b1a4\" data-element_type=\"widget\" data-widget_type=\"call-to-action.default\">\n\t\t\t\t<div class=\"elementor-widget-container\">\n\t\t\t\t\t<a class=\"elementor-cta\" href=\"https:\/\/nodedoll.com\/hu\/szex-baba-kepek\/\">\n\t\t\t\t\t<div class=\"elementor-cta__bg-wrapper\">\n\t\t\t\t<div class=\"elementor-cta__bg elementor-bg\" style=\"background-image: url(https:\/\/nodedoll.com\/wp-content\/uploads\/2024\/04\/redirect.jpg);\" role=\"img\" aria-label=\"\u00e1tir\u00e1ny\u00edt\u00e1s\"><\/div>\n\t\t\t\t<div class=\"elementor-cta__bg-overlay\"><\/div>\n\t\t\t<\/div>\n\t\t\t\t\t\t\t<div class=\"elementor-cta__content\">\n\t\t\t\t\n\t\t\t\t\t\t\t\t\t<h2 class=\"elementor-cta__title elementor-cta__content-item elementor-content-item elementor-animated-item--grow\">\n\t\t\t\t\t\t2500+ kis mini szexbaba <\/br>sexdollxxx .com\t\t\t\t\t<\/h2>\n\t\t\t\t\n\t\t\t\t\t\t\t\t\t<div class=\"elementor-cta__description elementor-cta__content-item elementor-content-item elementor-animated-item--grow\">\n\t\t\t\t\t\t40 cm, 60 cm, 80 cm, 100 cm, 120 cm, 140 cm\t\t\t\t\t<\/div>\n\t\t\t\t\n\t\t\t\t\t\t\t\t\t<div class=\"elementor-cta__button-wrapper elementor-cta__content-item elementor-content-item elementor-animated-item--grow\">\n\t\t\t\t\t<span class=\"elementor-cta__button elementor-button elementor-size-md\">\n\t\t\t\t\t\tV\u00e1s\u00e1rolj most\t\t\t\t\t<\/span>\n\t\t\t\t\t<\/div>\n\t\t\t\t\t\t\t<\/div>\n\t\t\t\t\t\t<\/a>\n\t\t\t\t<\/div>\n\t\t\t\t<\/div>\n\t\t\t\t\t<\/div>\n\t\t\t\t<\/div>\n\t\t\t\t\t<\/div>\n\t\t\t\t<\/div>\n\t\t\t\t\t<\/div>\n\t\t\t\t<\/div>\n\t\t\t\t<\/div>","protected":false},"excerpt":{"rendered":"<div data-elementor-type=\"section\" data-elementor-id=\"15952\" class=\"elementor elementor-15952\" data-elementor-post-type=\"elementor_library\">\n<div class=\"wd-negative-gap elementor-element elementor-element-49f97e26 e-flex e-con-boxed e-con e-parent\" data-id=\"49f97e26\" data-element_type=\"container\">\n<div class=\"e-con-inner\">\n<div class=\"wd-negative-gap elementor-element elementor-element-449b9556 e-flex e-con-boxed e-con e-child\" data-id=\"449b9556\" data-element_type=\"container\">\n<div class=\"e-con-inner\">\n<div class=\"elementor-element elementor-element-613a7c10 elementor-cta--skin-cover elementor-animated-content elementor-bg-transform elementor-bg-transform-zoom-in elementor-widget elementor-widget-call-to-action\" data-id=\"613a7c10\" data-element_type=\"widget\" data-widget_type=\"call-to-action.default\">\n<div class=\"elementor-widget-container\">\n\t\t\t<link rel=\"stylesheet\" href=\"https:\/\/nodedoll.com\/wp-content\/uploads\/elementor\/css\/custom-pro-widget-call-to-action.min.css?ver=1716105850\">\t\t<a class=\"elementor-cta\" href=\"https:\/\/nodedoll.com\/hu\/szex-baba-kepek\/\"><\/p>\n<div class=\"elementor-cta__bg-wrapper\">\n<div class=\"elementor-cta__bg elementor-bg\" style=\"background-image: url(https:\/\/nodedoll.com\/wp-content\/uploads\/2024\/04\/redirect-1.jpg);\" role=\"img\" aria-label=\"redirect.jpg\"><\/div>\n<div class=\"elementor-cta__bg-overlay\"><\/div>\n<\/p><\/div>\n<div class=\"elementor-cta__content\">\n<h2 class=\"elementor-cta__title elementor-cta__content-item elementor-content-item elementor-animated-item--grow\">\n\t\t\t\t\t\t2500+ kis mini szexbaba <\/br>sexdollxxx .com\t\t\t\t\t<\/h2>\n<div class=\"elementor-cta__description elementor-cta__content-item elementor-content-item elementor-animated-item--grow\">\n\t\t\t\t\t\t40 cm, 60 cm, 80 cm, 100 cm, 120 cm, 140 cm\t\t\t\t\t<\/div>\n<div class=\"elementor-cta__button-wrapper elementor-cta__content-item elementor-content-item elementor-animated-item--grow\">\n\t\t\t\t\t<span class=\"elementor-cta__button elementor-button elementor-size-md\"><br \/>\n\t\t\t\t\t\tV\u00e1s\u00e1rolj most\t\t\t\t\t<\/span>\n\t\t\t\t\t<\/div>\n<\/p><\/div>\n<p>\t\t\t\t\t\t<\/a>\n\t\t\t\t<\/div>\n<\/p><\/div>\n<\/p><\/div>\n<\/p><\/div>\n<\/p><\/div>\n<\/p><\/div>\n<\/p><\/div>","protected":false},"featured_media":15950,"comment_status":"closed","ping_status":"closed","template":"","meta":[],"product_cat":[797,791,771],"product_tag":[],"aioseo_notices":[],"_links":{"self":[{"href":"https:\/\/nodedoll.com\/hu\/wp-json\/wp\/v2\/product\/20693"}],"collection":[{"href":"https:\/\/nodedoll.com\/hu\/wp-json\/wp\/v2\/product"}],"about":[{"href":"https:\/\/nodedoll.com\/hu\/wp-json\/wp\/v2\/types\/product"}],"replies":[{"embeddable":true,"href":"https:\/\/nodedoll.com\/hu\/wp-json\/wp\/v2\/comments?post=20693"}],"version-history":[{"count":1,"href":"https:\/\/nodedoll.com\/hu\/wp-json\/wp\/v2\/product\/20693\/revisions"}],"predecessor-version":[{"id":20694,"href":"https:\/\/nodedoll.com\/hu\/wp-json\/wp\/v2\/product\/20693\/revisions\/20694"}],"wp:featuredmedia":[{"embeddable":true,"href":"https:\/\/nodedoll.com\/hu\/wp-json\/wp\/v2\/media\/15950"}],"wp:attachment":[{"href":"https:\/\/nodedoll.com\/hu\/wp-json\/wp\/v2\/media?parent=20693"}],"wp:term":[{"taxonomy":"product_cat","embeddable":true,"href":"https:\/\/nodedoll.com\/hu\/wp-json\/wp\/v2\/product_cat?post=20693"},{"taxonomy":"product_tag","embeddable":true,"href":"https:\/\/nodedoll.com\/hu\/wp-json\/wp\/v2\/product_tag?post=20693"}],"curies":[{"name":"wp","href":"https:\/\/api.w.org\/{rel}","templated":true}]}}