{"id":20829,"date":"2024-04-22T12:31:44","date_gmt":"2024-04-22T12:31:44","guid":{"rendered":"https:\/\/aimdoll.com\/product\/ebay-162-cm-j-cup-teen-lesbian-sex-doll\/"},"modified":"2024-05-06T08:16:55","modified_gmt":"2024-05-06T08:16:55","slug":"ebay-162-cm-j-cup-teen-lesbian-sex-doll","status":"publish","type":"product","link":"https:\/\/nodedoll.com\/hu\/product\/ebay-162-cm-j-csesze-tini-leszbikus-szexbaba\/","title":{"rendered":"Ebay 162 cm J Cup Teen Lesbian Sex Doll"},"content":{"rendered":"<p>Egy ebay-es 162 cm-es J Cup szexbab\u00e1nak olyan mellei vannak, hogy dugni akarsz. Egy Tina mini szexbaba birtokl\u00e1sa egy m\u00f3dja annak, hogy cs\u00f6kkents\u00e9k a bord\u00e9lyh\u00e1zak l\u00e1togat\u00e1s\u00e1nak k\u00f6lts\u00e9geit. A 130 cm-es t\u00fcnd\u00e9rsex baba m\u00e1sik el\u0151nye, hogy szex ut\u00e1n egy n\u0151st\u00e9nyen gyakorolhatod \u00faj mozdulataidat.<\/p>\n<p>&nbsp;<\/p>\n<p>A 15 cm-es mini szexbaba nem lesz f\u00e9lt\u00e9keny. Lehetnek n\u0151i partnerei, mik\u00f6zben kibaszott. A mini barbie szexbab\u00e1k val\u00f3s\u00e1gh\u0171 szexbab\u00e1kat k\u00edn\u00e1lnak kicsi m\u00e9ret\u0171ek. Az \u00e9n kis p\u00f3ni szexbab\u00e1m szilikon egy felf\u00fajhat\u00f3 baba, amely gyors mozg\u00e1st is lehet\u0151v\u00e9 tesz egy igazi LoIi babababa k\u00f6zben.<\/p>\n<p>&nbsp;<\/p>\n<p>Ha egy 100 cm-es szexbab\u00e1t \u00e1ll\u00edtasz egy \u00e1tlagos ember mell\u00e9, az seg\u00edthet a legjobb magass\u00e1g el\u00e9r\u00e9s\u00e9ben. Egy\u00e9bk\u00e9nt vannak m\u00e9rett\u00e1bl\u00e1zatok az \u00e9let\u00fcnkben, p\u00e9ld\u00e1ul a szexbab\u00e1k webhely\u00e9n. A tin\u00e9dzser leszbikus szexbaba, majd a mini anime szexbaba ipar k\u00edn\u00e1lja a szexet korl\u00e1toz\u00e1sokkal vagy f\u00e9lelemmel.<\/p>\n<p>&nbsp;<\/p>\n\t\t<div data-elementor-type=\"section\" data-elementor-id=\"15956\" class=\"elementor elementor-15956\" data-elementor-post-type=\"elementor_library\">\n\t\t\t<div class=\"wd-negative-gap elementor-element elementor-element-e744d45 e-flex e-con-boxed e-con e-parent\" data-id=\"e744d45\" data-element_type=\"container\">\n\t\t\t\t\t<div class=\"e-con-inner\">\n\t\t<div class=\"wd-negative-gap elementor-element elementor-element-2abc4734 e-flex e-con-boxed e-con e-child\" data-id=\"2abc4734\" data-element_type=\"container\">\n\t\t\t\t\t<div class=\"e-con-inner\">\n\t\t<div class=\"wd-negative-gap elementor-element elementor-element-e4e90d0 e-flex e-con-boxed e-con e-child\" data-id=\"e4e90d0\" data-element_type=\"container\">\n\t\t\t\t\t<div class=\"e-con-inner\">\n\t\t\t\t<div class=\"elementor-element elementor-element-2191b1a4 elementor-cta--skin-cover elementor-animated-content elementor-bg-transform elementor-bg-transform-zoom-in elementor-widget elementor-widget-call-to-action\" data-id=\"2191b1a4\" data-element_type=\"widget\" data-widget_type=\"call-to-action.default\">\n\t\t\t\t<div class=\"elementor-widget-container\">\n\t\t\t\t\t<a class=\"elementor-cta\" href=\"https:\/\/nodedoll.com\/hu\/szex-baba-kepek\/\">\n\t\t\t\t\t<div class=\"elementor-cta__bg-wrapper\">\n\t\t\t\t<div class=\"elementor-cta__bg elementor-bg\" style=\"background-image: url(https:\/\/nodedoll.com\/wp-content\/uploads\/2024\/04\/redirect.jpg);\" role=\"img\" aria-label=\"\u00e1tir\u00e1ny\u00edt\u00e1s\"><\/div>\n\t\t\t\t<div class=\"elementor-cta__bg-overlay\"><\/div>\n\t\t\t<\/div>\n\t\t\t\t\t\t\t<div class=\"elementor-cta__content\">\n\t\t\t\t\n\t\t\t\t\t\t\t\t\t<h2 class=\"elementor-cta__title elementor-cta__content-item elementor-content-item elementor-animated-item--grow\">\n\t\t\t\t\t\t2500+ kis mini szexbaba <\/br>sexdollxxx .com\t\t\t\t\t<\/h2>\n\t\t\t\t\n\t\t\t\t\t\t\t\t\t<div class=\"elementor-cta__description elementor-cta__content-item elementor-content-item elementor-animated-item--grow\">\n\t\t\t\t\t\t40 cm, 60 cm, 80 cm, 100 cm, 120 cm, 140 cm\t\t\t\t\t<\/div>\n\t\t\t\t\n\t\t\t\t\t\t\t\t\t<div class=\"elementor-cta__button-wrapper elementor-cta__content-item elementor-content-item elementor-animated-item--grow\">\n\t\t\t\t\t<span class=\"elementor-cta__button elementor-button elementor-size-md\">\n\t\t\t\t\t\tV\u00e1s\u00e1rolj most\t\t\t\t\t<\/span>\n\t\t\t\t\t<\/div>\n\t\t\t\t\t\t\t<\/div>\n\t\t\t\t\t\t<\/a>\n\t\t\t\t<\/div>\n\t\t\t\t<\/div>\n\t\t\t\t\t<\/div>\n\t\t\t\t<\/div>\n\t\t\t\t\t<\/div>\n\t\t\t\t<\/div>\n\t\t\t\t\t<\/div>\n\t\t\t\t<\/div>\n\t\t\t\t<\/div>","protected":false},"excerpt":{"rendered":"<div data-elementor-type=\"section\" data-elementor-id=\"15952\" class=\"elementor elementor-15952\" data-elementor-post-type=\"elementor_library\">\n<div class=\"wd-negative-gap elementor-element elementor-element-49f97e26 e-flex e-con-boxed e-con e-parent\" data-id=\"49f97e26\" data-element_type=\"container\">\n<div class=\"e-con-inner\">\n<div class=\"wd-negative-gap elementor-element elementor-element-449b9556 e-flex e-con-boxed e-con e-child\" data-id=\"449b9556\" data-element_type=\"container\">\n<div class=\"e-con-inner\">\n<div class=\"elementor-element elementor-element-613a7c10 elementor-cta--skin-cover elementor-animated-content elementor-bg-transform elementor-bg-transform-zoom-in elementor-widget elementor-widget-call-to-action\" data-id=\"613a7c10\" data-element_type=\"widget\" data-widget_type=\"call-to-action.default\">\n<div class=\"elementor-widget-container\">\n\t\t\t<link rel=\"stylesheet\" href=\"https:\/\/nodedoll.com\/wp-content\/uploads\/elementor\/css\/custom-pro-widget-call-to-action.min.css?ver=1716105850\">\t\t<a class=\"elementor-cta\" href=\"https:\/\/nodedoll.com\/hu\/szex-baba-kepek\/\"><\/p>\n<div class=\"elementor-cta__bg-wrapper\">\n<div class=\"elementor-cta__bg elementor-bg\" style=\"background-image: url(https:\/\/nodedoll.com\/wp-content\/uploads\/2024\/04\/redirect-1.jpg);\" role=\"img\" aria-label=\"redirect.jpg\"><\/div>\n<div class=\"elementor-cta__bg-overlay\"><\/div>\n<\/p><\/div>\n<div class=\"elementor-cta__content\">\n<h2 class=\"elementor-cta__title elementor-cta__content-item elementor-content-item elementor-animated-item--grow\">\n\t\t\t\t\t\t2500+ kis mini szexbaba <\/br>sexdollxxx .com\t\t\t\t\t<\/h2>\n<div class=\"elementor-cta__description elementor-cta__content-item elementor-content-item elementor-animated-item--grow\">\n\t\t\t\t\t\t40 cm, 60 cm, 80 cm, 100 cm, 120 cm, 140 cm\t\t\t\t\t<\/div>\n<div class=\"elementor-cta__button-wrapper elementor-cta__content-item elementor-content-item elementor-animated-item--grow\">\n\t\t\t\t\t<span class=\"elementor-cta__button elementor-button elementor-size-md\"><br \/>\n\t\t\t\t\t\tV\u00e1s\u00e1rolj most\t\t\t\t\t<\/span>\n\t\t\t\t\t<\/div>\n<\/p><\/div>\n<p>\t\t\t\t\t\t<\/a>\n\t\t\t\t<\/div>\n<\/p><\/div>\n<\/p><\/div>\n<\/p><\/div>\n<\/p><\/div>\n<\/p><\/div>\n<\/p><\/div>","protected":false},"featured_media":15950,"comment_status":"closed","ping_status":"closed","template":"","meta":[],"product_cat":[772,798,792],"product_tag":[],"aioseo_notices":[],"_links":{"self":[{"href":"https:\/\/nodedoll.com\/hu\/wp-json\/wp\/v2\/product\/20829"}],"collection":[{"href":"https:\/\/nodedoll.com\/hu\/wp-json\/wp\/v2\/product"}],"about":[{"href":"https:\/\/nodedoll.com\/hu\/wp-json\/wp\/v2\/types\/product"}],"replies":[{"embeddable":true,"href":"https:\/\/nodedoll.com\/hu\/wp-json\/wp\/v2\/comments?post=20829"}],"version-history":[{"count":1,"href":"https:\/\/nodedoll.com\/hu\/wp-json\/wp\/v2\/product\/20829\/revisions"}],"predecessor-version":[{"id":20830,"href":"https:\/\/nodedoll.com\/hu\/wp-json\/wp\/v2\/product\/20829\/revisions\/20830"}],"wp:featuredmedia":[{"embeddable":true,"href":"https:\/\/nodedoll.com\/hu\/wp-json\/wp\/v2\/media\/15950"}],"wp:attachment":[{"href":"https:\/\/nodedoll.com\/hu\/wp-json\/wp\/v2\/media?parent=20829"}],"wp:term":[{"taxonomy":"product_cat","embeddable":true,"href":"https:\/\/nodedoll.com\/hu\/wp-json\/wp\/v2\/product_cat?post=20829"},{"taxonomy":"product_tag","embeddable":true,"href":"https:\/\/nodedoll.com\/hu\/wp-json\/wp\/v2\/product_tag?post=20829"}],"curies":[{"name":"wp","href":"https:\/\/api.w.org\/{rel}","templated":true}]}}