{"id":21001,"date":"2024-04-22T12:32:00","date_gmt":"2024-04-22T12:32:00","guid":{"rendered":"https:\/\/aimdoll.com\/product\/yl-silicone-nude-mini-sex-doll-with-penis-attachment\/"},"modified":"2024-05-06T06:08:50","modified_gmt":"2024-05-06T06:08:50","slug":"yl-silicone-nude-mini-sex-doll-with-penis-attachment","status":"publish","type":"product","link":"https:\/\/nodedoll.com\/hu\/product\/yl-szilikon-nude-mini-szexbaba-penisz-rogzitessel\/","title":{"rendered":"Yl szilikon nude mini szexbaba p\u00e9nisztartoz\u00e9kkal"},"content":{"rendered":"<p>Az yl 150 cm-es szexbaba porn\u00f3t az ipar\u00e1g egyik legjobb szexbaba porn\u00f3jak\u00e9nt \u00e9rt\u00e9kelt\u00e9k. Az eBay mini szexbab\u00e1k beszerz\u00e9se most egyszer\u0171bb az apr\u00f3 szilikon szexbab\u00e1k online oldal\u00e1nak k\u00f6sz\u00f6nhet\u0151en. Csak annyit kell tennie, hogy k\u00f6vesse az utas\u00edt\u00e1sokat, elvesztette a specifik\u00e1ci\u00f3it, \u00e9s az apr\u00f3 szilikon szexbab\u00e1j\u00e1t megkapja.<\/p>\n<p>&nbsp;<\/p>\n<p>A mini szexbaba p\u00e9niszr\u00f6gz\u00edt\u00e9ssel leszbikus \u00e9s meleg szexre alkalmas. A 65 cm-es kisl\u00e1ny szexbaba egyedi tervez\u00e9si lehet\u0151s\u00e9geket k\u00edn\u00e1l. Egy nagy fasz kibaszott kis szexbaba p\u00e1ratlannak t\u0171nhet, de t\u00f6k\u00e9letesen illeszkednek. El kell \u00e9rnie a kis szexbab\u00e1j\u00e1val, hogy elhiggye, hogy minden farkam\u00e9retet elb\u00edr.<\/p>\n<p>&nbsp;<\/p>\n<p>A szilikon Loli szexbaba meztelen megszerz\u00e9se \u00e9rz\u00e9seket k\u00fcld a farkadnak. A Marion 166 cm-es szexbaba \u00e9s a Loli szexbaba remek bab\u00e1k h\u00e1rmasban. Az egyenruh\u00e1kkal p\u00e1ros\u00edtott iskol\u00e1sl\u00e1ny szexbaba szexi k\u00e9pet var\u00e1zsol az elm\u00e9dben.<\/p>\n<p>&nbsp;<\/p>\n<p>&nbsp;<\/p>\n\t\t<div data-elementor-type=\"section\" data-elementor-id=\"15956\" class=\"elementor elementor-15956\" data-elementor-post-type=\"elementor_library\">\n\t\t\t<div class=\"wd-negative-gap elementor-element elementor-element-e744d45 e-flex e-con-boxed e-con e-parent\" data-id=\"e744d45\" data-element_type=\"container\">\n\t\t\t\t\t<div class=\"e-con-inner\">\n\t\t<div class=\"wd-negative-gap elementor-element elementor-element-2abc4734 e-flex e-con-boxed e-con e-child\" data-id=\"2abc4734\" data-element_type=\"container\">\n\t\t\t\t\t<div class=\"e-con-inner\">\n\t\t<div class=\"wd-negative-gap elementor-element elementor-element-e4e90d0 e-flex e-con-boxed e-con e-child\" data-id=\"e4e90d0\" data-element_type=\"container\">\n\t\t\t\t\t<div class=\"e-con-inner\">\n\t\t\t\t<div class=\"elementor-element elementor-element-2191b1a4 elementor-cta--skin-cover elementor-animated-content elementor-bg-transform elementor-bg-transform-zoom-in elementor-widget elementor-widget-call-to-action\" data-id=\"2191b1a4\" data-element_type=\"widget\" data-widget_type=\"call-to-action.default\">\n\t\t\t\t<div class=\"elementor-widget-container\">\n\t\t\t\t\t<a class=\"elementor-cta\" href=\"https:\/\/nodedoll.com\/hu\/szex-baba-kepek\/\">\n\t\t\t\t\t<div class=\"elementor-cta__bg-wrapper\">\n\t\t\t\t<div class=\"elementor-cta__bg elementor-bg\" style=\"background-image: url(https:\/\/nodedoll.com\/wp-content\/uploads\/2024\/04\/redirect.jpg);\" role=\"img\" aria-label=\"\u00e1tir\u00e1ny\u00edt\u00e1s\"><\/div>\n\t\t\t\t<div class=\"elementor-cta__bg-overlay\"><\/div>\n\t\t\t<\/div>\n\t\t\t\t\t\t\t<div class=\"elementor-cta__content\">\n\t\t\t\t\n\t\t\t\t\t\t\t\t\t<h2 class=\"elementor-cta__title elementor-cta__content-item elementor-content-item elementor-animated-item--grow\">\n\t\t\t\t\t\t2500+ kis mini szexbaba <\/br>sexdollxxx .com\t\t\t\t\t<\/h2>\n\t\t\t\t\n\t\t\t\t\t\t\t\t\t<div class=\"elementor-cta__description elementor-cta__content-item elementor-content-item elementor-animated-item--grow\">\n\t\t\t\t\t\t40 cm, 60 cm, 80 cm, 100 cm, 120 cm, 140 cm\t\t\t\t\t<\/div>\n\t\t\t\t\n\t\t\t\t\t\t\t\t\t<div class=\"elementor-cta__button-wrapper elementor-cta__content-item elementor-content-item elementor-animated-item--grow\">\n\t\t\t\t\t<span class=\"elementor-cta__button elementor-button elementor-size-md\">\n\t\t\t\t\t\tV\u00e1s\u00e1rolj most\t\t\t\t\t<\/span>\n\t\t\t\t\t<\/div>\n\t\t\t\t\t\t\t<\/div>\n\t\t\t\t\t\t<\/a>\n\t\t\t\t<\/div>\n\t\t\t\t<\/div>\n\t\t\t\t\t<\/div>\n\t\t\t\t<\/div>\n\t\t\t\t\t<\/div>\n\t\t\t\t<\/div>\n\t\t\t\t\t<\/div>\n\t\t\t\t<\/div>\n\t\t\t\t<\/div>","protected":false},"excerpt":{"rendered":"<div data-elementor-type=\"section\" data-elementor-id=\"15952\" class=\"elementor elementor-15952\" data-elementor-post-type=\"elementor_library\">\n<div class=\"wd-negative-gap elementor-element elementor-element-49f97e26 e-flex e-con-boxed e-con e-parent\" data-id=\"49f97e26\" data-element_type=\"container\">\n<div class=\"e-con-inner\">\n<div class=\"wd-negative-gap elementor-element elementor-element-449b9556 e-flex e-con-boxed e-con e-child\" data-id=\"449b9556\" data-element_type=\"container\">\n<div class=\"e-con-inner\">\n<div class=\"elementor-element elementor-element-613a7c10 elementor-cta--skin-cover elementor-animated-content elementor-bg-transform elementor-bg-transform-zoom-in elementor-widget elementor-widget-call-to-action\" data-id=\"613a7c10\" data-element_type=\"widget\" data-widget_type=\"call-to-action.default\">\n<div class=\"elementor-widget-container\">\n\t\t\t<link rel=\"stylesheet\" href=\"https:\/\/nodedoll.com\/wp-content\/uploads\/elementor\/css\/custom-pro-widget-call-to-action.min.css?ver=1716105850\">\t\t<a class=\"elementor-cta\" href=\"https:\/\/nodedoll.com\/hu\/szex-baba-kepek\/\"><\/p>\n<div class=\"elementor-cta__bg-wrapper\">\n<div class=\"elementor-cta__bg elementor-bg\" style=\"background-image: url(https:\/\/nodedoll.com\/wp-content\/uploads\/2024\/04\/redirect-1.jpg);\" role=\"img\" aria-label=\"redirect.jpg\"><\/div>\n<div class=\"elementor-cta__bg-overlay\"><\/div>\n<\/p><\/div>\n<div class=\"elementor-cta__content\">\n<h2 class=\"elementor-cta__title elementor-cta__content-item elementor-content-item elementor-animated-item--grow\">\n\t\t\t\t\t\t2500+ kis mini szexbaba <\/br>sexdollxxx .com\t\t\t\t\t<\/h2>\n<div class=\"elementor-cta__description elementor-cta__content-item elementor-content-item elementor-animated-item--grow\">\n\t\t\t\t\t\t40 cm, 60 cm, 80 cm, 100 cm, 120 cm, 140 cm\t\t\t\t\t<\/div>\n<div class=\"elementor-cta__button-wrapper elementor-cta__content-item elementor-content-item elementor-animated-item--grow\">\n\t\t\t\t\t<span class=\"elementor-cta__button elementor-button elementor-size-md\"><br \/>\n\t\t\t\t\t\tV\u00e1s\u00e1rolj most\t\t\t\t\t<\/span>\n\t\t\t\t\t<\/div>\n<\/p><\/div>\n<p>\t\t\t\t\t\t<\/a>\n\t\t\t\t<\/div>\n<\/p><\/div>\n<\/p><\/div>\n<\/p><\/div>\n<\/p><\/div>\n<\/p><\/div>\n<\/p><\/div>","protected":false},"featured_media":15950,"comment_status":"closed","ping_status":"closed","template":"","meta":[],"product_cat":[803,771,770],"product_tag":[],"aioseo_notices":[],"_links":{"self":[{"href":"https:\/\/nodedoll.com\/hu\/wp-json\/wp\/v2\/product\/21001"}],"collection":[{"href":"https:\/\/nodedoll.com\/hu\/wp-json\/wp\/v2\/product"}],"about":[{"href":"https:\/\/nodedoll.com\/hu\/wp-json\/wp\/v2\/types\/product"}],"replies":[{"embeddable":true,"href":"https:\/\/nodedoll.com\/hu\/wp-json\/wp\/v2\/comments?post=21001"}],"version-history":[{"count":1,"href":"https:\/\/nodedoll.com\/hu\/wp-json\/wp\/v2\/product\/21001\/revisions"}],"predecessor-version":[{"id":21002,"href":"https:\/\/nodedoll.com\/hu\/wp-json\/wp\/v2\/product\/21001\/revisions\/21002"}],"wp:featuredmedia":[{"embeddable":true,"href":"https:\/\/nodedoll.com\/hu\/wp-json\/wp\/v2\/media\/15950"}],"wp:attachment":[{"href":"https:\/\/nodedoll.com\/hu\/wp-json\/wp\/v2\/media?parent=21001"}],"wp:term":[{"taxonomy":"product_cat","embeddable":true,"href":"https:\/\/nodedoll.com\/hu\/wp-json\/wp\/v2\/product_cat?post=21001"},{"taxonomy":"product_tag","embeddable":true,"href":"https:\/\/nodedoll.com\/hu\/wp-json\/wp\/v2\/product_tag?post=21001"}],"curies":[{"name":"wp","href":"https:\/\/api.w.org\/{rel}","templated":true}]}}